{"id":329,"date":"2025-09-15T08:10:47","date_gmt":"2025-09-15T08:10:47","guid":{"rendered":"https:\/\/ggs-bodensohn.de\/?page_id=329"},"modified":"2025-09-15T12:24:45","modified_gmt":"2025-09-15T12:24:45","slug":"elementor-329","status":"publish","type":"page","link":"https:\/\/ggs-bodensohn.de\/?page_id=329","title":{"rendered":"Impressum"},"content":{"rendered":"\t\t<div data-elementor-type=\"wp-page\" data-elementor-id=\"329\" class=\"elementor elementor-329\">\n\t\t\t\t<div class=\"elementor-element elementor-element-736416a e-flex e-con-boxed e-con e-parent\" data-id=\"736416a\" data-element_type=\"container\" data-e-type=\"container\" data-settings=\"{&quot;background_background&quot;:&quot;classic&quot;}\">\n\t\t\t\t\t<div class=\"e-con-inner\">\n\t\t\t\t<div class=\"elementor-element elementor-element-a78961c elementor-widget elementor-widget-text-editor\" data-id=\"a78961c\" data-element_type=\"widget\" data-e-type=\"widget\" data-widget_type=\"text-editor.default\">\n\t\t\t\t<div class=\"elementor-widget-container\">\n\t\t\t\t\t\t\t\t\t<div id=\"comp-lnsqit6e\" class=\"Z_l5lU ku3DBC zQ9jDz qvSjx3 Vq6kJx comp-lnsqit6e wixui-rich-text\" data-testid=\"richTextElement\"><h2 class=\"font_2 wixui-rich-text__text\"><span class=\"color_42 wixui-rich-text__text\">Impressum\u00a0<br \/><br \/><\/span><\/h2><\/div><div id=\"comp-lnsqo7gy\" class=\"Z_l5lU ku3DBC zQ9jDz qvSjx3 Vq6kJx comp-lnsqo7gy wixui-rich-text\" data-testid=\"richTextElement\"><p class=\"font_8 wixui-rich-text__text\">Angaben gem\u00e4\u00df \u00a7 5 TMG<\/p><p class=\"font_8 wixui-rich-text__text\"><span class=\"wixGuard wixui-rich-text__text\">\u200b<\/span><\/p><p>GGS Bodensohn<\/p><\/div><div data-testid=\"richTextElement\">Bruchwiesenstra\u00dfe 45<br \/>64380 Ro\u00dfdorf<\/div><div data-testid=\"richTextElement\">\u00a0<\/div><div class=\"Z_l5lU ku3DBC zQ9jDz qvSjx3 Vq6kJx comp-lnsqo7gy wixui-rich-text\" data-testid=\"richTextElement\">Inhaber: Fabian Zalman &amp; Daniel Gjoshev<\/div><div class=\"Z_l5lU ku3DBC zQ9jDz qvSjx3 Vq6kJx comp-lnsqo7gy wixui-rich-text\" data-testid=\"richTextElement\"><p class=\"font_8 wixui-rich-text__text\"><span class=\"wixGuard wixui-rich-text__text\">\u200b<\/span><\/p><p class=\"font_8 wixui-rich-text__text\">Telefon: 015560 \/ 019288<\/p><p class=\"font_8 wixui-rich-text__text\">E-Mail: ggs-bodensohn@mail.de<\/p><p class=\"font_8 wixui-rich-text__text\"><span class=\"wixGuard wixui-rich-text__text\">\u200b<\/span><\/p><p class=\"font_8 wixui-rich-text__text\"><span class=\"color_37 wixui-rich-text__text\">Steuernummer: 00833530047<\/span><\/p><p class=\"font_8 wixui-rich-text__text\">Verantwortlich f\u00fcr den Inhalt nach \u00a7 55 Abs. 2 RStV: Fabian Zalman &amp; Daniel Gjoshev<\/p><p class=\"font_8 wixui-rich-text__text\"><span class=\"wixGuard wixui-rich-text__text\">\u200b<\/span><\/p><p class=\"font_8 wixui-rich-text__text\">Haftungsausschluss:<\/p><p class=\"font_8 wixui-rich-text__text\">Das Unternehmen GGS Bodensohn \u00fcbernimmt keine Haftung f\u00fcr Sch\u00e4den, die sich aus der Nutzung der Informationen auf dieser Webseite ergeben k\u00f6nnen. Alle Informationen auf der Webseite dienen lediglich der allgemeinen Information und stellen keine rechtliche, finanzielle oder berufliche Beratung dar.<\/p><p class=\"font_8 wixui-rich-text__text\"><span class=\"wixGuard wixui-rich-text__text\">\u200b<\/span><\/p><p class=\"font_8 wixui-rich-text__text\">Urheberrecht: Alle Texte, Bilder und Grafiken auf dieser Webseite unterliegen dem Urheberrecht und d\u00fcrfen nicht ohne Genehmigung des Urhebers verwendet werden.<\/p><p class=\"font_8 wixui-rich-text__text\"><span class=\"wixGuard wixui-rich-text__text\">\u200b<\/span><\/p><p class=\"font_8 wixui-rich-text__text\">Datenschutz: Die Nutzung unserer Webseite ist in der Regel ohne Angabe personenbezogener Daten m\u00f6glich. Soweit auf unserer Seite personenbezogene Daten (wie Name, Anschrift oder E-Mail-Adressen) erhoben werden, erfolgt dies, soweit m\u00f6glich, stets auf freiwilliger Basis. Diese Daten werden ohne Ihre ausdr\u00fcckliche Zustimmung nicht an Dritte weitergegeben.<\/p><p class=\"font_8 wixui-rich-text__text\">Weitere Informationen zum Datenschutz finden Sie in unserer Datenschutzerkl\u00e4rung.<\/p><p class=\"font_8 wixui-rich-text__text\"><span class=\"wixGuard wixui-rich-text__text\">\u200b<\/span><\/p><p class=\"font_8 wixui-rich-text__text\">Haftung f\u00fcr Links: Unser Angebot enth\u00e4lt Links zu externen Websites Dritter, auf deren Inhalte wir keinen Einfluss haben. Deshalb k\u00f6nnen wir f\u00fcr diese fremden Inhalte auch keine Gew\u00e4hr \u00fcbernehmen. F\u00fcr die Inhalte der verlinkten Seiten ist stets der jeweilige Anbieter oder Betreiber der Seiten verantwortlich.<\/p><\/div>\t\t\t\t\t\t\t\t<\/div>\n\t\t\t\t<\/div>\n\t\t\t\t\t<\/div>\n\t\t\t\t<\/div>\n\t\t\t\t<\/div>\n\t\t","protected":false},"excerpt":{"rendered":"<p>Impressum\u00a0 Angaben gem\u00e4\u00df \u00a7 5 TMG \u200b GGS Bodensohn Bruchwiesenstra\u00dfe 4564380 Ro\u00dfdorf\u00a0Inhaber: Fabian Zalman &amp; Daniel Gjoshev \u200b Telefon: 015560 [&hellip;]<\/p>\n","protected":false},"author":1,"featured_media":0,"parent":0,"menu_order":0,"comment_status":"closed","ping_status":"closed","template":"","meta":{"_uag_custom_page_level_css":"","site-sidebar-layout":"no-sidebar","site-content-layout":"","ast-site-content-layout":"full-width-container","site-content-style":"default","site-sidebar-style":"default","ast-global-header-display":"","ast-banner-title-visibility":"","ast-main-header-display":"","ast-hfb-above-header-display":"","ast-hfb-below-header-display":"","ast-hfb-mobile-header-display":"","site-post-title":"","ast-breadcrumbs-content":"","ast-featured-img":"disabled","footer-sml-layout":"","ast-disable-related-posts":"","theme-transparent-header-meta":"","adv-header-id-meta":"","stick-header-meta":"","header-above-stick-meta":"","header-main-stick-meta":"","header-below-stick-meta":"","astra-migrate-meta-layouts":"default","ast-page-background-enabled":"default","ast-page-background-meta":{"desktop":{"background-color":"var(--ast-global-color-5)","background-image":"","background-repeat":"repeat","background-position":"center center","background-size":"auto","background-attachment":"scroll","background-type":"","background-media":"","overlay-type":"","overlay-color":"","overlay-opacity":"","overlay-gradient":""},"tablet":{"background-color":"","background-image":"","background-repeat":"repeat","background-position":"center center","background-size":"auto","background-attachment":"scroll","background-type":"","background-media":"","overlay-type":"","overlay-color":"","overlay-opacity":"","overlay-gradient":""},"mobile":{"background-color":"","background-image":"","background-repeat":"repeat","background-position":"center center","background-size":"auto","background-attachment":"scroll","background-type":"","background-media":"","overlay-type":"","overlay-color":"","overlay-opacity":"","overlay-gradient":""}},"ast-content-background-meta":{"desktop":{"background-color":"var(--ast-global-color-4)","background-image":"","background-repeat":"repeat","background-position":"center center","background-size":"auto","background-attachment":"scroll","background-type":"","background-media":"","overlay-type":"","overlay-color":"","overlay-opacity":"","overlay-gradient":""},"tablet":{"background-color":"var(--ast-global-color-4)","background-image":"","background-repeat":"repeat","background-position":"center center","background-size":"auto","background-attachment":"scroll","background-type":"","background-media":"","overlay-type":"","overlay-color":"","overlay-opacity":"","overlay-gradient":""},"mobile":{"background-color":"var(--ast-global-color-4)","background-image":"","background-repeat":"repeat","background-position":"center center","background-size":"auto","background-attachment":"scroll","background-type":"","background-media":"","overlay-type":"","overlay-color":"","overlay-opacity":"","overlay-gradient":""}},"_kadence_starter_templates_imported_post":false,"footnotes":""},"class_list":["post-329","page","type-page","status-publish","hentry"],"yoast_head":"<!-- This site is optimized with the Yoast SEO plugin v27.3 - https:\/\/yoast.com\/product\/yoast-seo-wordpress\/ -->\n<title>Impressum - My CMS<\/title>\n<meta name=\"robots\" content=\"index, follow, max-snippet:-1, max-image-preview:large, max-video-preview:-1\" \/>\n<link rel=\"canonical\" href=\"https:\/\/ggs-bodensohn.de\/?page_id=329\" \/>\n<meta property=\"og:locale\" content=\"de_DE\" \/>\n<meta property=\"og:type\" content=\"article\" \/>\n<meta property=\"og:title\" content=\"Impressum - My CMS\" \/>\n<meta property=\"og:description\" content=\"Impressum\u00a0 Angaben gem\u00e4\u00df \u00a7 5 TMG \u200b GGS Bodensohn Bruchwiesenstra\u00dfe 4564380 Ro\u00dfdorf\u00a0Inhaber: Fabian Zalman &amp; Daniel Gjoshev \u200b Telefon: 015560 [&hellip;]\" \/>\n<meta property=\"og:url\" content=\"https:\/\/ggs-bodensohn.de\/?page_id=329\" \/>\n<meta property=\"og:site_name\" content=\"My CMS\" \/>\n<meta property=\"article:modified_time\" content=\"2025-09-15T12:24:45+00:00\" \/>\n<meta name=\"twitter:card\" content=\"summary_large_image\" \/>\n<script type=\"application\/ld+json\" class=\"yoast-schema-graph\">{\"@context\":\"https:\\\/\\\/schema.org\",\"@graph\":[{\"@type\":\"WebPage\",\"@id\":\"https:\\\/\\\/ggs-bodensohn.de\\\/?page_id=329\",\"url\":\"https:\\\/\\\/ggs-bodensohn.de\\\/?page_id=329\",\"name\":\"Impressum - My CMS\",\"isPartOf\":{\"@id\":\"https:\\\/\\\/ggs-bodensohn.de\\\/#website\"},\"datePublished\":\"2025-09-15T08:10:47+00:00\",\"dateModified\":\"2025-09-15T12:24:45+00:00\",\"breadcrumb\":{\"@id\":\"https:\\\/\\\/ggs-bodensohn.de\\\/?page_id=329#breadcrumb\"},\"inLanguage\":\"de\",\"potentialAction\":[{\"@type\":\"ReadAction\",\"target\":[\"https:\\\/\\\/ggs-bodensohn.de\\\/?page_id=329\"]}]},{\"@type\":\"BreadcrumbList\",\"@id\":\"https:\\\/\\\/ggs-bodensohn.de\\\/?page_id=329#breadcrumb\",\"itemListElement\":[{\"@type\":\"ListItem\",\"position\":1,\"name\":\"Startseite\",\"item\":\"https:\\\/\\\/ggs-bodensohn.de\\\/\"},{\"@type\":\"ListItem\",\"position\":2,\"name\":\"Impressum\"}]},{\"@type\":\"WebSite\",\"@id\":\"https:\\\/\\\/ggs-bodensohn.de\\\/#website\",\"url\":\"https:\\\/\\\/ggs-bodensohn.de\\\/\",\"name\":\"My CMS\",\"description\":\"Lassen Sie f\u00fcr sich arbeiten\",\"publisher\":{\"@id\":\"https:\\\/\\\/ggs-bodensohn.de\\\/#organization\"},\"potentialAction\":[{\"@type\":\"SearchAction\",\"target\":{\"@type\":\"EntryPoint\",\"urlTemplate\":\"https:\\\/\\\/ggs-bodensohn.de\\\/?s={search_term_string}\"},\"query-input\":{\"@type\":\"PropertyValueSpecification\",\"valueRequired\":true,\"valueName\":\"search_term_string\"}}],\"inLanguage\":\"de\"},{\"@type\":\"Organization\",\"@id\":\"https:\\\/\\\/ggs-bodensohn.de\\\/#organization\",\"name\":\"My CMS\",\"url\":\"https:\\\/\\\/ggs-bodensohn.de\\\/\",\"logo\":{\"@type\":\"ImageObject\",\"inLanguage\":\"de\",\"@id\":\"https:\\\/\\\/ggs-bodensohn.de\\\/#\\\/schema\\\/logo\\\/image\\\/\",\"url\":\"https:\\\/\\\/ggs-bodensohn.de\\\/wp-content\\\/uploads\\\/2025\\\/09\\\/Screenshot_2025-09-11_165336-removebg-preview.png\",\"contentUrl\":\"https:\\\/\\\/ggs-bodensohn.de\\\/wp-content\\\/uploads\\\/2025\\\/09\\\/Screenshot_2025-09-11_165336-removebg-preview.png\",\"width\":620,\"height\":402,\"caption\":\"My CMS\"},\"image\":{\"@id\":\"https:\\\/\\\/ggs-bodensohn.de\\\/#\\\/schema\\\/logo\\\/image\\\/\"}}]}<\/script>\n<!-- \/ Yoast SEO plugin. -->","yoast_head_json":{"title":"Impressum - My CMS","robots":{"index":"index","follow":"follow","max-snippet":"max-snippet:-1","max-image-preview":"max-image-preview:large","max-video-preview":"max-video-preview:-1"},"canonical":"https:\/\/ggs-bodensohn.de\/?page_id=329","og_locale":"de_DE","og_type":"article","og_title":"Impressum - My CMS","og_description":"Impressum\u00a0 Angaben gem\u00e4\u00df \u00a7 5 TMG \u200b GGS Bodensohn Bruchwiesenstra\u00dfe 4564380 Ro\u00dfdorf\u00a0Inhaber: Fabian Zalman &amp; Daniel Gjoshev \u200b Telefon: 015560 [&hellip;]","og_url":"https:\/\/ggs-bodensohn.de\/?page_id=329","og_site_name":"My CMS","article_modified_time":"2025-09-15T12:24:45+00:00","twitter_card":"summary_large_image","schema":{"@context":"https:\/\/schema.org","@graph":[{"@type":"WebPage","@id":"https:\/\/ggs-bodensohn.de\/?page_id=329","url":"https:\/\/ggs-bodensohn.de\/?page_id=329","name":"Impressum - My CMS","isPartOf":{"@id":"https:\/\/ggs-bodensohn.de\/#website"},"datePublished":"2025-09-15T08:10:47+00:00","dateModified":"2025-09-15T12:24:45+00:00","breadcrumb":{"@id":"https:\/\/ggs-bodensohn.de\/?page_id=329#breadcrumb"},"inLanguage":"de","potentialAction":[{"@type":"ReadAction","target":["https:\/\/ggs-bodensohn.de\/?page_id=329"]}]},{"@type":"BreadcrumbList","@id":"https:\/\/ggs-bodensohn.de\/?page_id=329#breadcrumb","itemListElement":[{"@type":"ListItem","position":1,"name":"Startseite","item":"https:\/\/ggs-bodensohn.de\/"},{"@type":"ListItem","position":2,"name":"Impressum"}]},{"@type":"WebSite","@id":"https:\/\/ggs-bodensohn.de\/#website","url":"https:\/\/ggs-bodensohn.de\/","name":"My CMS","description":"Lassen Sie f\u00fcr sich arbeiten","publisher":{"@id":"https:\/\/ggs-bodensohn.de\/#organization"},"potentialAction":[{"@type":"SearchAction","target":{"@type":"EntryPoint","urlTemplate":"https:\/\/ggs-bodensohn.de\/?s={search_term_string}"},"query-input":{"@type":"PropertyValueSpecification","valueRequired":true,"valueName":"search_term_string"}}],"inLanguage":"de"},{"@type":"Organization","@id":"https:\/\/ggs-bodensohn.de\/#organization","name":"My CMS","url":"https:\/\/ggs-bodensohn.de\/","logo":{"@type":"ImageObject","inLanguage":"de","@id":"https:\/\/ggs-bodensohn.de\/#\/schema\/logo\/image\/","url":"https:\/\/ggs-bodensohn.de\/wp-content\/uploads\/2025\/09\/Screenshot_2025-09-11_165336-removebg-preview.png","contentUrl":"https:\/\/ggs-bodensohn.de\/wp-content\/uploads\/2025\/09\/Screenshot_2025-09-11_165336-removebg-preview.png","width":620,"height":402,"caption":"My CMS"},"image":{"@id":"https:\/\/ggs-bodensohn.de\/#\/schema\/logo\/image\/"}}]}},"uagb_featured_image_src":{"full":false,"thumbnail":false,"medium":false,"medium_large":false,"large":false,"1536x1536":false,"2048x2048":false},"uagb_author_info":{"display_name":"admin_yiqcx3r2","author_link":"https:\/\/ggs-bodensohn.de\/?author=1"},"uagb_comment_info":0,"uagb_excerpt":"Impressum\u00a0 Angaben gem\u00e4\u00df \u00a7 5 TMG \u200b GGS Bodensohn Bruchwiesenstra\u00dfe 4564380 Ro\u00dfdorf\u00a0Inhaber: Fabian Zalman &amp; Daniel Gjoshev \u200b Telefon: 015560 [&hellip;]","_links":{"self":[{"href":"https:\/\/ggs-bodensohn.de\/index.php?rest_route=\/wp\/v2\/pages\/329","targetHints":{"allow":["GET"]}}],"collection":[{"href":"https:\/\/ggs-bodensohn.de\/index.php?rest_route=\/wp\/v2\/pages"}],"about":[{"href":"https:\/\/ggs-bodensohn.de\/index.php?rest_route=\/wp\/v2\/types\/page"}],"author":[{"embeddable":true,"href":"https:\/\/ggs-bodensohn.de\/index.php?rest_route=\/wp\/v2\/users\/1"}],"replies":[{"embeddable":true,"href":"https:\/\/ggs-bodensohn.de\/index.php?rest_route=%2Fwp%2Fv2%2Fcomments&post=329"}],"version-history":[{"count":8,"href":"https:\/\/ggs-bodensohn.de\/index.php?rest_route=\/wp\/v2\/pages\/329\/revisions"}],"predecessor-version":[{"id":504,"href":"https:\/\/ggs-bodensohn.de\/index.php?rest_route=\/wp\/v2\/pages\/329\/revisions\/504"}],"wp:attachment":[{"href":"https:\/\/ggs-bodensohn.de\/index.php?rest_route=%2Fwp%2Fv2%2Fmedia&parent=329"}],"curies":[{"name":"wp","href":"https:\/\/api.w.org\/{rel}","templated":true}]}}