{"id":335,"date":"2025-09-15T08:20:42","date_gmt":"2025-09-15T08:20:42","guid":{"rendered":"https:\/\/ggs-bodensohn.de\/?page_id=335"},"modified":"2025-09-15T12:29:37","modified_gmt":"2025-09-15T12:29:37","slug":"datenschutzerklaerung","status":"publish","type":"page","link":"https:\/\/ggs-bodensohn.de\/?page_id=335","title":{"rendered":"Datenschutzerkl\u00e4rung"},"content":{"rendered":"\t\t<div data-elementor-type=\"wp-page\" data-elementor-id=\"335\" class=\"elementor elementor-335\">\n\t\t\t\t<div class=\"elementor-element elementor-element-3167c53a e-flex e-con-boxed e-con e-parent\" data-id=\"3167c53a\" data-element_type=\"container\" data-e-type=\"container\" data-settings=\"{&quot;background_background&quot;:&quot;classic&quot;}\">\n\t\t\t\t\t<div class=\"e-con-inner\">\n\t\t\t\t<div class=\"elementor-element elementor-element-367ea47d elementor-widget elementor-widget-text-editor\" data-id=\"367ea47d\" data-element_type=\"widget\" data-e-type=\"widget\" data-widget_type=\"text-editor.default\">\n\t\t\t\t<div class=\"elementor-widget-container\">\n\t\t\t\t\t\t\t\t\t<h3 data-start=\"164\" data-end=\"192\"><strong data-start=\"168\" data-end=\"192\">Datenschutzerkl\u00e4rung<\/strong><\/h3><h4 data-start=\"194\" data-end=\"216\">1. <strong data-start=\"202\" data-end=\"216\">Einleitung<\/strong><\/h4><p data-start=\"217\" data-end=\"471\">Der Schutz Ihrer pers\u00f6nlichen Daten ist uns ein wichtiges Anliegen. In dieser Datenschutzerkl\u00e4rung informieren wir Sie, wie wir Ihre personenbezogenen Daten auf der Website <strong data-start=\"390\" data-end=\"438\"><a class=\"decorated-link cursor-pointer\" target=\"_new\" rel=\"noopener\" data-start=\"392\" data-end=\"436\">GGS-Bodensohn.de<\/a><\/strong><\/p><h4 data-start=\"473\" data-end=\"533\">2. <strong data-start=\"481\" data-end=\"533\">Verantwortlicher im Sinne der Datenschutzgesetze<\/strong><\/h4><p data-start=\"534\" data-end=\"600\">Verantwortlicher f\u00fcr die Datenverarbeitung auf dieser Website ist:<\/p><p data-start=\"602\" data-end=\"740\"><strong data-start=\"602\" data-end=\"619\">GGS Bodensohn<\/strong><br data-start=\"619\" data-end=\"622\" \/>Fabian Zalman &amp; Daniel Gjoshev<br data-start=\"652\" data-end=\"655\" \/>E-Mail: <a class=\"decorated-link cursor-pointer\" rel=\"noopener\" data-start=\"663\" data-end=\"716\">ggs-bodensohn@mail.de<\/a><\/p><h4 data-start=\"742\" data-end=\"803\">3. <strong data-start=\"750\" data-end=\"803\">Erhebung und Verarbeitung personenbezogener Daten<\/strong><\/h4><p data-start=\"804\" data-end=\"938\"><strong data-start=\"804\" data-end=\"827\">a) Kontaktformular:<\/strong><br data-start=\"827\" data-end=\"830\" \/>Wenn Sie uns \u00fcber das Kontaktformular auf unserer Website eine Anfrage senden, erheben wir folgende Daten:<\/p><ul data-start=\"939\" data-end=\"983\"><li data-start=\"939\" data-end=\"947\"><p data-start=\"941\" data-end=\"947\">Name<\/p><\/li><li data-start=\"948\" data-end=\"966\"><p data-start=\"950\" data-end=\"966\">E-Mail-Adresse<\/p><\/li><li data-start=\"967\" data-end=\"983\"><p data-start=\"969\" data-end=\"983\">Ihre Nachricht<\/p><\/li><li data-start=\"967\" data-end=\"983\">Betreff<\/li><\/ul><p data-start=\"985\" data-end=\"1093\">Diese Daten werden ausschlie\u00dflich zur Bearbeitung Ihrer Anfrage verwendet und nicht an Dritte weitergegeben.<\/p><p data-start=\"1095\" data-end=\"1266\"><strong data-start=\"1095\" data-end=\"1117\">b) E-Mail-Kontakt:<\/strong><br data-start=\"1117\" data-end=\"1120\" \/>Wenn Sie uns per E-Mail kontaktieren, speichern wir Ihre E-Mail-Adresse und die darin enthaltenen Informationen, um auf Ihre Anfrage zu antworten.<\/p><h4 data-start=\"1268\" data-end=\"1302\">4. <strong data-start=\"1276\" data-end=\"1302\">Verwendung von Cookies<\/strong><\/h4><p data-start=\"1303\" data-end=\"1499\">Unsere Website verwendet Cookies, um die Benutzerfreundlichkeit zu verbessern und bestimmte Funktionen bereitzustellen. Cookies sind kleine Textdateien, die auf Ihrem Endger\u00e4t gespeichert werden.<\/p><p data-start=\"1501\" data-end=\"1702\">Wir setzen ein Cookie-Einwilligungs-Tool ein, um Ihre Zustimmung zur Verwendung von Cookies einzuholen. Sie k\u00f6nnen die Verwendung von Cookies jederzeit in den Einstellungen Ihres Browsers deaktivieren.<\/p><h4 data-start=\"1704\" data-end=\"1727\">5. <strong data-start=\"1712\" data-end=\"1727\">Google Maps<\/strong><\/h4><p data-start=\"1728\" data-end=\"2059\">Wir nutzen Google Maps, um interaktive Karten auf unserer Website bereitzustellen. Google Maps erhebt dabei Daten \u00fcber Ihre Nutzung des Maps-Dienstes (einschlie\u00dflich Ihrer IP-Adresse). Weitere Informationen zur Datenverarbeitung durch Google finden Sie in der <a class=\"decorated-link cursor-pointer\" target=\"_new\" rel=\"noopener\" data-start=\"1988\" data-end=\"2058\">Datenschutzerkl\u00e4rung von Google<\/a><\/p><h4 data-start=\"2061\" data-end=\"2115\">6. <strong data-start=\"2069\" data-end=\"2115\">Keine Verwendung von Tracking-Technologien<\/strong><\/h4><p data-start=\"2116\" data-end=\"2207\">Wir verwenden keine Analyse-Tools wie Google Analytics oder \u00e4hnliche Tracking-Technologien.<\/p><h4 data-start=\"2209\" data-end=\"2241\">7. <strong data-start=\"2217\" data-end=\"2241\">Weitergabe von Daten<\/strong><\/h4><p data-start=\"2242\" data-end=\"2397\">Wir geben Ihre personenbezogenen Daten nicht an Dritte weiter, es sei denn, dies ist zur Erf\u00fcllung der Anfrage erforderlich oder gesetzlich vorgeschrieben.<\/p><h4 data-start=\"2399\" data-end=\"2428\">8. <strong data-start=\"2407\" data-end=\"2428\">Datenaufbewahrung<\/strong><\/h4><p data-start=\"2429\" data-end=\"2574\">Wir speichern Ihre personenbezogenen Daten nur so lange, wie es f\u00fcr den Zweck der Bearbeitung erforderlich ist. Danach werden die Daten gel\u00f6scht.<\/p><h4 data-start=\"2576\" data-end=\"2599\">9. <strong data-start=\"2584\" data-end=\"2599\">Ihre Rechte<\/strong><\/h4><p data-start=\"2600\" data-end=\"2671\">Nach der Datenschutz-Grundverordnung (DSGVO) haben Sie folgende Rechte:<\/p><ul data-start=\"2672\" data-end=\"2925\"><li data-start=\"2672\" data-end=\"2739\"><p data-start=\"2674\" data-end=\"2739\">Recht auf Auskunft \u00fcber die gespeicherten personenbezogenen Daten<\/p><\/li><li data-start=\"2740\" data-end=\"2790\"><p data-start=\"2742\" data-end=\"2790\">Recht auf Berichtigung oder L\u00f6schung Ihrer Daten<\/p><\/li><li data-start=\"2791\" data-end=\"2845\"><p data-start=\"2793\" data-end=\"2845\">Recht auf Einschr\u00e4nkung der Verarbeitung Ihrer Daten<\/p><\/li><li data-start=\"2846\" data-end=\"2892\"><p data-start=\"2848\" data-end=\"2892\">Recht auf Widerspruch gegen die Verarbeitung<\/p><\/li><li data-start=\"2893\" data-end=\"2925\"><p data-start=\"2895\" data-end=\"2925\">Recht auf Daten\u00fcbertragbarkeit<\/p><\/li><\/ul><p data-start=\"2927\" data-end=\"3060\">Wenn Sie eines dieser Rechte aus\u00fcben m\u00f6chten, kontaktieren Sie uns bitte unter <a class=\"decorated-link cursor-pointer\" rel=\"noopener\" data-start=\"3006\" data-end=\"3059\">ggs-bodensohn@mail.de<\/a><\/p><h4 data-start=\"3062\" data-end=\"3085\">10. <strong data-start=\"3071\" data-end=\"3085\">Sicherheit<\/strong><\/h4><p data-start=\"3086\" data-end=\"3244\">Wir ergreifen geeignete technische und organisatorische Ma\u00dfnahmen, um Ihre personenbezogenen Daten vor Verlust, Missbrauch und unbefugtem Zugriff zu sch\u00fctzen.<\/p><h4 data-start=\"3246\" data-end=\"3294\">11. <strong data-start=\"3255\" data-end=\"3294\">\u00c4nderungen der Datenschutzerkl\u00e4rung<\/strong><\/h4><p data-start=\"3295\" data-end=\"3421\">Wir behalten uns vor, diese Datenschutzerkl\u00e4rung bei Bedarf zu \u00e4ndern. Die aktuelle Version finden Sie stets auf dieser Seite.<\/p><hr data-start=\"3423\" data-end=\"3426\" \/><h3 data-start=\"3428\" data-end=\"3460\"><strong data-start=\"3432\" data-end=\"3460\">Cookie-Einwilligungstool<\/strong><\/h3><p data-start=\"3461\" data-end=\"3627\">Wenn du das Cookie-Einwilligungstool verwendest, k\u00f6nntest du einen kurzen Hinweis zur Nutzung und dem Aktivieren\/Deaktivieren der Cookies einf\u00fcgen, \u00e4hnlich wie folgt:<\/p><hr data-start=\"3629\" data-end=\"3632\" \/><p data-start=\"3634\" data-end=\"3912\"><strong data-start=\"3634\" data-end=\"3658\">Cookie-Einstellungen<\/strong><br data-start=\"3658\" data-end=\"3661\" \/>Unsere Website verwendet Cookies, um das Nutzererlebnis zu verbessern. Sie k\u00f6nnen die Verwendung von Cookies in den Einstellungen anpassen. Klicken Sie auf &#8222;Akzeptieren&#8220;, um alle Cookies zu erlauben oder auf &#8222;Einstellungen&#8220;, um Ihre Auswahl zu \u00e4ndern.<\/p>\t\t\t\t\t\t\t\t<\/div>\n\t\t\t\t<\/div>\n\t\t\t\t\t<\/div>\n\t\t\t\t<\/div>\n\t\t\t\t<\/div>\n\t\t","protected":false},"excerpt":{"rendered":"<p>Datenschutzerkl\u00e4rung 1. Einleitung Der Schutz Ihrer pers\u00f6nlichen Daten ist uns ein wichtiges Anliegen. In dieser Datenschutzerkl\u00e4rung informieren wir Sie, wie [&hellip;]<\/p>\n","protected":false},"author":1,"featured_media":0,"parent":0,"menu_order":0,"comment_status":"closed","ping_status":"closed","template":"","meta":{"_uag_custom_page_level_css":"","site-sidebar-layout":"default","site-content-layout":"","ast-site-content-layout":"default","site-content-style":"default","site-sidebar-style":"default","ast-global-header-display":"","ast-banner-title-visibility":"","ast-main-header-display":"","ast-hfb-above-header-display":"","ast-hfb-below-header-display":"","ast-hfb-mobile-header-display":"","site-post-title":"","ast-breadcrumbs-content":"","ast-featured-img":"","footer-sml-layout":"","ast-disable-related-posts":"","theme-transparent-header-meta":"","adv-header-id-meta":"","stick-header-meta":"","header-above-stick-meta":"","header-main-stick-meta":"","header-below-stick-meta":"","astra-migrate-meta-layouts":"default","ast-page-background-enabled":"default","ast-page-background-meta":{"desktop":{"background-color":"var(--ast-global-color-5)","background-image":"","background-repeat":"repeat","background-position":"center center","background-size":"auto","background-attachment":"scroll","background-type":"","background-media":"","overlay-type":"","overlay-color":"","overlay-opacity":"","overlay-gradient":""},"tablet":{"background-color":"","background-image":"","background-repeat":"repeat","background-position":"center center","background-size":"auto","background-attachment":"scroll","background-type":"","background-media":"","overlay-type":"","overlay-color":"","overlay-opacity":"","overlay-gradient":""},"mobile":{"background-color":"","background-image":"","background-repeat":"repeat","background-position":"center center","background-size":"auto","background-attachment":"scroll","background-type":"","background-media":"","overlay-type":"","overlay-color":"","overlay-opacity":"","overlay-gradient":""}},"ast-content-background-meta":{"desktop":{"background-color":"var(--ast-global-color-4)","background-image":"","background-repeat":"repeat","background-position":"center center","background-size":"auto","background-attachment":"scroll","background-type":"","background-media":"","overlay-type":"","overlay-color":"","overlay-opacity":"","overlay-gradient":""},"tablet":{"background-color":"var(--ast-global-color-4)","background-image":"","background-repeat":"repeat","background-position":"center center","background-size":"auto","background-attachment":"scroll","background-type":"","background-media":"","overlay-type":"","overlay-color":"","overlay-opacity":"","overlay-gradient":""},"mobile":{"background-color":"var(--ast-global-color-4)","background-image":"","background-repeat":"repeat","background-position":"center center","background-size":"auto","background-attachment":"scroll","background-type":"","background-media":"","overlay-type":"","overlay-color":"","overlay-opacity":"","overlay-gradient":""}},"_kadence_starter_templates_imported_post":false,"footnotes":""},"class_list":["post-335","page","type-page","status-publish","hentry"],"yoast_head":"<!-- This site is optimized with the Yoast SEO plugin v27.3 - https:\/\/yoast.com\/product\/yoast-seo-wordpress\/ -->\n<title>Datenschutzerkl\u00e4rung - My CMS<\/title>\n<meta name=\"robots\" content=\"index, follow, max-snippet:-1, max-image-preview:large, max-video-preview:-1\" \/>\n<link rel=\"canonical\" href=\"https:\/\/ggs-bodensohn.de\/?page_id=335\" \/>\n<meta property=\"og:locale\" content=\"de_DE\" \/>\n<meta property=\"og:type\" content=\"article\" \/>\n<meta property=\"og:title\" content=\"Datenschutzerkl\u00e4rung - My CMS\" \/>\n<meta property=\"og:description\" content=\"Datenschutzerkl\u00e4rung 1. Einleitung Der Schutz Ihrer pers\u00f6nlichen Daten ist uns ein wichtiges Anliegen. In dieser Datenschutzerkl\u00e4rung informieren wir Sie, wie [&hellip;]\" \/>\n<meta property=\"og:url\" content=\"https:\/\/ggs-bodensohn.de\/?page_id=335\" \/>\n<meta property=\"og:site_name\" content=\"My CMS\" \/>\n<meta property=\"article:modified_time\" content=\"2025-09-15T12:29:37+00:00\" \/>\n<meta name=\"twitter:card\" content=\"summary_large_image\" \/>\n<meta name=\"twitter:label1\" content=\"Gesch\u00e4tzte Lesezeit\" \/>\n\t<meta name=\"twitter:data1\" content=\"2\u00a0Minuten\" \/>\n<script type=\"application\/ld+json\" class=\"yoast-schema-graph\">{\"@context\":\"https:\\\/\\\/schema.org\",\"@graph\":[{\"@type\":\"WebPage\",\"@id\":\"https:\\\/\\\/ggs-bodensohn.de\\\/?page_id=335\",\"url\":\"https:\\\/\\\/ggs-bodensohn.de\\\/?page_id=335\",\"name\":\"Datenschutzerkl\u00e4rung - My CMS\",\"isPartOf\":{\"@id\":\"https:\\\/\\\/ggs-bodensohn.de\\\/#website\"},\"datePublished\":\"2025-09-15T08:20:42+00:00\",\"dateModified\":\"2025-09-15T12:29:37+00:00\",\"breadcrumb\":{\"@id\":\"https:\\\/\\\/ggs-bodensohn.de\\\/?page_id=335#breadcrumb\"},\"inLanguage\":\"de\",\"potentialAction\":[{\"@type\":\"ReadAction\",\"target\":[\"https:\\\/\\\/ggs-bodensohn.de\\\/?page_id=335\"]}]},{\"@type\":\"BreadcrumbList\",\"@id\":\"https:\\\/\\\/ggs-bodensohn.de\\\/?page_id=335#breadcrumb\",\"itemListElement\":[{\"@type\":\"ListItem\",\"position\":1,\"name\":\"Startseite\",\"item\":\"https:\\\/\\\/ggs-bodensohn.de\\\/\"},{\"@type\":\"ListItem\",\"position\":2,\"name\":\"Datenschutzerkl\u00e4rung\"}]},{\"@type\":\"WebSite\",\"@id\":\"https:\\\/\\\/ggs-bodensohn.de\\\/#website\",\"url\":\"https:\\\/\\\/ggs-bodensohn.de\\\/\",\"name\":\"My CMS\",\"description\":\"Lassen Sie f\u00fcr sich arbeiten\",\"publisher\":{\"@id\":\"https:\\\/\\\/ggs-bodensohn.de\\\/#organization\"},\"potentialAction\":[{\"@type\":\"SearchAction\",\"target\":{\"@type\":\"EntryPoint\",\"urlTemplate\":\"https:\\\/\\\/ggs-bodensohn.de\\\/?s={search_term_string}\"},\"query-input\":{\"@type\":\"PropertyValueSpecification\",\"valueRequired\":true,\"valueName\":\"search_term_string\"}}],\"inLanguage\":\"de\"},{\"@type\":\"Organization\",\"@id\":\"https:\\\/\\\/ggs-bodensohn.de\\\/#organization\",\"name\":\"My CMS\",\"url\":\"https:\\\/\\\/ggs-bodensohn.de\\\/\",\"logo\":{\"@type\":\"ImageObject\",\"inLanguage\":\"de\",\"@id\":\"https:\\\/\\\/ggs-bodensohn.de\\\/#\\\/schema\\\/logo\\\/image\\\/\",\"url\":\"https:\\\/\\\/ggs-bodensohn.de\\\/wp-content\\\/uploads\\\/2025\\\/09\\\/Screenshot_2025-09-11_165336-removebg-preview.png\",\"contentUrl\":\"https:\\\/\\\/ggs-bodensohn.de\\\/wp-content\\\/uploads\\\/2025\\\/09\\\/Screenshot_2025-09-11_165336-removebg-preview.png\",\"width\":620,\"height\":402,\"caption\":\"My CMS\"},\"image\":{\"@id\":\"https:\\\/\\\/ggs-bodensohn.de\\\/#\\\/schema\\\/logo\\\/image\\\/\"}}]}<\/script>\n<!-- \/ Yoast SEO plugin. -->","yoast_head_json":{"title":"Datenschutzerkl\u00e4rung - My CMS","robots":{"index":"index","follow":"follow","max-snippet":"max-snippet:-1","max-image-preview":"max-image-preview:large","max-video-preview":"max-video-preview:-1"},"canonical":"https:\/\/ggs-bodensohn.de\/?page_id=335","og_locale":"de_DE","og_type":"article","og_title":"Datenschutzerkl\u00e4rung - My CMS","og_description":"Datenschutzerkl\u00e4rung 1. Einleitung Der Schutz Ihrer pers\u00f6nlichen Daten ist uns ein wichtiges Anliegen. In dieser Datenschutzerkl\u00e4rung informieren wir Sie, wie [&hellip;]","og_url":"https:\/\/ggs-bodensohn.de\/?page_id=335","og_site_name":"My CMS","article_modified_time":"2025-09-15T12:29:37+00:00","twitter_card":"summary_large_image","twitter_misc":{"Gesch\u00e4tzte Lesezeit":"2\u00a0Minuten"},"schema":{"@context":"https:\/\/schema.org","@graph":[{"@type":"WebPage","@id":"https:\/\/ggs-bodensohn.de\/?page_id=335","url":"https:\/\/ggs-bodensohn.de\/?page_id=335","name":"Datenschutzerkl\u00e4rung - My CMS","isPartOf":{"@id":"https:\/\/ggs-bodensohn.de\/#website"},"datePublished":"2025-09-15T08:20:42+00:00","dateModified":"2025-09-15T12:29:37+00:00","breadcrumb":{"@id":"https:\/\/ggs-bodensohn.de\/?page_id=335#breadcrumb"},"inLanguage":"de","potentialAction":[{"@type":"ReadAction","target":["https:\/\/ggs-bodensohn.de\/?page_id=335"]}]},{"@type":"BreadcrumbList","@id":"https:\/\/ggs-bodensohn.de\/?page_id=335#breadcrumb","itemListElement":[{"@type":"ListItem","position":1,"name":"Startseite","item":"https:\/\/ggs-bodensohn.de\/"},{"@type":"ListItem","position":2,"name":"Datenschutzerkl\u00e4rung"}]},{"@type":"WebSite","@id":"https:\/\/ggs-bodensohn.de\/#website","url":"https:\/\/ggs-bodensohn.de\/","name":"My CMS","description":"Lassen Sie f\u00fcr sich arbeiten","publisher":{"@id":"https:\/\/ggs-bodensohn.de\/#organization"},"potentialAction":[{"@type":"SearchAction","target":{"@type":"EntryPoint","urlTemplate":"https:\/\/ggs-bodensohn.de\/?s={search_term_string}"},"query-input":{"@type":"PropertyValueSpecification","valueRequired":true,"valueName":"search_term_string"}}],"inLanguage":"de"},{"@type":"Organization","@id":"https:\/\/ggs-bodensohn.de\/#organization","name":"My CMS","url":"https:\/\/ggs-bodensohn.de\/","logo":{"@type":"ImageObject","inLanguage":"de","@id":"https:\/\/ggs-bodensohn.de\/#\/schema\/logo\/image\/","url":"https:\/\/ggs-bodensohn.de\/wp-content\/uploads\/2025\/09\/Screenshot_2025-09-11_165336-removebg-preview.png","contentUrl":"https:\/\/ggs-bodensohn.de\/wp-content\/uploads\/2025\/09\/Screenshot_2025-09-11_165336-removebg-preview.png","width":620,"height":402,"caption":"My CMS"},"image":{"@id":"https:\/\/ggs-bodensohn.de\/#\/schema\/logo\/image\/"}}]}},"uagb_featured_image_src":{"full":false,"thumbnail":false,"medium":false,"medium_large":false,"large":false,"1536x1536":false,"2048x2048":false},"uagb_author_info":{"display_name":"admin_yiqcx3r2","author_link":"https:\/\/ggs-bodensohn.de\/?author=1"},"uagb_comment_info":0,"uagb_excerpt":"Datenschutzerkl\u00e4rung 1. Einleitung Der Schutz Ihrer pers\u00f6nlichen Daten ist uns ein wichtiges Anliegen. In dieser Datenschutzerkl\u00e4rung informieren wir Sie, wie [&hellip;]","_links":{"self":[{"href":"https:\/\/ggs-bodensohn.de\/index.php?rest_route=\/wp\/v2\/pages\/335","targetHints":{"allow":["GET"]}}],"collection":[{"href":"https:\/\/ggs-bodensohn.de\/index.php?rest_route=\/wp\/v2\/pages"}],"about":[{"href":"https:\/\/ggs-bodensohn.de\/index.php?rest_route=\/wp\/v2\/types\/page"}],"author":[{"embeddable":true,"href":"https:\/\/ggs-bodensohn.de\/index.php?rest_route=\/wp\/v2\/users\/1"}],"replies":[{"embeddable":true,"href":"https:\/\/ggs-bodensohn.de\/index.php?rest_route=%2Fwp%2Fv2%2Fcomments&post=335"}],"version-history":[{"count":11,"href":"https:\/\/ggs-bodensohn.de\/index.php?rest_route=\/wp\/v2\/pages\/335\/revisions"}],"predecessor-version":[{"id":510,"href":"https:\/\/ggs-bodensohn.de\/index.php?rest_route=\/wp\/v2\/pages\/335\/revisions\/510"}],"wp:attachment":[{"href":"https:\/\/ggs-bodensohn.de\/index.php?rest_route=%2Fwp%2Fv2%2Fmedia&parent=335"}],"curies":[{"name":"wp","href":"https:\/\/api.w.org\/{rel}","templated":true}]}}