{"id":49,"date":"2025-03-05T09:18:36","date_gmt":"2025-03-05T09:18:36","guid":{"rendered":"https:\/\/ggs-bodensohn.de\/?page_id=49"},"modified":"2025-09-16T13:53:19","modified_gmt":"2025-09-16T13:53:19","slug":"stzart","status":"publish","type":"page","link":"https:\/\/ggs-bodensohn.de\/","title":{"rendered":"Start"},"content":{"rendered":"\t\t<div data-elementor-type=\"wp-page\" data-elementor-id=\"49\" class=\"elementor elementor-49\">\n\t\t\t\t<div class=\"elementor-element elementor-element-2dc04263 animated-fast e-con-full e-flex e-con e-parent\" data-id=\"2dc04263\" data-element_type=\"container\" data-e-type=\"container\" data-settings=\"{&quot;background_background&quot;:&quot;slideshow&quot;,&quot;background_slideshow_gallery&quot;:[{&quot;id&quot;:87,&quot;url&quot;:&quot;https:\\\/\\\/ggs-bodensohn.de\\\/wp-content\\\/uploads\\\/2025\\\/03\\\/landmarks-modern-city1.jpg&quot;},{&quot;id&quot;:166,&quot;url&quot;:&quot;https:\\\/\\\/ggs-bodensohn.de\\\/wp-content\\\/uploads\\\/2025\\\/03\\\/mowing-the-grass-1438159_1920.jpg&quot;},{&quot;id&quot;:169,&quot;url&quot;:&quot;https:\\\/\\\/ggs-bodensohn.de\\\/wp-content\\\/uploads\\\/2025\\\/03\\\/stairs-3665532_1920.jpg&quot;},{&quot;id&quot;:105,&quot;url&quot;:&quot;https:\\\/\\\/ggs-bodensohn.de\\\/wp-content\\\/uploads\\\/2025\\\/03\\\/1549.jpg&quot;}],&quot;background_slideshow_slide_duration&quot;:5040,&quot;background_slideshow_transition_duration&quot;:520,&quot;background_slideshow_ken_burns&quot;:&quot;yes&quot;,&quot;animation&quot;:&quot;none&quot;,&quot;animation_delay&quot;:100,&quot;background_slideshow_ken_burns_zoom_direction&quot;:&quot;out&quot;,&quot;background_slideshow_loop&quot;:&quot;yes&quot;,&quot;background_slideshow_slide_transition&quot;:&quot;fade&quot;}\">\n\t\t\t\t<div class=\"elementor-element elementor-element-53b5af61 elementor-widget elementor-widget-heading\" data-id=\"53b5af61\" data-element_type=\"widget\" data-e-type=\"widget\" data-widget_type=\"heading.default\">\n\t\t\t\t<div class=\"elementor-widget-container\">\n\t\t\t\t\t<h2 class=\"elementor-heading-title elementor-size-default\">Lassen Sie f\u00fcr sich arbeiten<\/h2>\t\t\t\t<\/div>\n\t\t\t\t<\/div>\n\t\t\t\t<div class=\"elementor-element elementor-element-7ef0bf02 elementor-tablet-align-left elementor-align-right elementor-mobile-align-center elementor-widget elementor-widget-button\" data-id=\"7ef0bf02\" data-element_type=\"widget\" data-e-type=\"widget\" data-widget_type=\"button.default\">\n\t\t\t\t<div class=\"elementor-widget-container\">\n\t\t\t\t\t\t\t\t\t<div class=\"elementor-button-wrapper\">\n\t\t\t\t\t<a class=\"elementor-button elementor-button-link elementor-size-sm\" href=\"https:\/\/ggs-bodensohn.de\/?page_id=54\">\n\t\t\t\t\t\t<span class=\"elementor-button-content-wrapper\">\n\t\t\t\t\t\t\t\t\t<span class=\"elementor-button-text\">Unsere Leistungen<\/span>\n\t\t\t\t\t<\/span>\n\t\t\t\t\t<\/a>\n\t\t\t\t<\/div>\n\t\t\t\t\t\t\t\t<\/div>\n\t\t\t\t<\/div>\n\t\t\t\t<\/div>\n\t\t<div class=\"elementor-element elementor-element-6b30e00 e-flex e-con-boxed e-con e-parent\" data-id=\"6b30e00\" data-element_type=\"container\" data-e-type=\"container\" data-settings=\"{&quot;background_background&quot;:&quot;classic&quot;}\">\n\t\t\t\t\t<div class=\"e-con-inner\">\n\t\t\t\t<div class=\"elementor-element elementor-element-6e26e9a elementor-widget-divider--view-line elementor-widget elementor-widget-divider\" data-id=\"6e26e9a\" data-element_type=\"widget\" data-e-type=\"widget\" data-widget_type=\"divider.default\">\n\t\t\t\t<div class=\"elementor-widget-container\">\n\t\t\t\t\t\t\t<div class=\"elementor-divider\">\n\t\t\t<span class=\"elementor-divider-separator\">\n\t\t\t\t\t\t<\/span>\n\t\t<\/div>\n\t\t\t\t\t\t<\/div>\n\t\t\t\t<\/div>\n\t\t\t\t\t<\/div>\n\t\t\t\t<\/div>\n\t\t<div class=\"elementor-element elementor-element-593e567 e-flex e-con-boxed e-con e-parent\" data-id=\"593e567\" data-element_type=\"container\" data-e-type=\"container\" data-settings=\"{&quot;background_background&quot;:&quot;classic&quot;}\">\n\t\t\t\t\t<div class=\"e-con-inner\">\n\t\t<div class=\"elementor-element elementor-element-8430e8d e-con-full e-flex e-con e-child\" data-id=\"8430e8d\" data-element_type=\"container\" data-e-type=\"container\">\n\t\t\t\t<div class=\"elementor-element elementor-element-056d5e3 elementor-widget elementor-widget-image\" data-id=\"056d5e3\" data-element_type=\"widget\" data-e-type=\"widget\" data-widget_type=\"image.default\">\n\t\t\t\t<div class=\"elementor-widget-container\">\n\t\t\t\t\t\t\t\t\t\t\t\t\t\t\t<img fetchpriority=\"high\" decoding=\"async\" width=\"451\" height=\"299\" src=\"https:\/\/ggs-bodensohn.de\/wp-content\/uploads\/2025\/09\/Screenshot-2025-09-15-175826.png\" class=\"attachment-large size-large wp-image-572\" alt=\"\" srcset=\"https:\/\/ggs-bodensohn.de\/wp-content\/uploads\/2025\/09\/Screenshot-2025-09-15-175826.png 451w, https:\/\/ggs-bodensohn.de\/wp-content\/uploads\/2025\/09\/Screenshot-2025-09-15-175826-300x199.png 300w\" sizes=\"(max-width: 451px) 100vw, 451px\" \/>\t\t\t\t\t\t\t\t\t\t\t\t\t\t\t<\/div>\n\t\t\t\t<\/div>\n\t\t\t\t<\/div>\n\t\t<div class=\"elementor-element elementor-element-66a8751 e-con-full e-flex e-con e-child\" data-id=\"66a8751\" data-element_type=\"container\" data-e-type=\"container\">\n\t\t<div class=\"elementor-element elementor-element-47bd80f e-con-full e-flex e-con e-child\" data-id=\"47bd80f\" data-element_type=\"container\" data-e-type=\"container\">\n\t\t\t\t<div class=\"elementor-element elementor-element-ff78513 elementor-widget elementor-widget-heading\" data-id=\"ff78513\" data-element_type=\"widget\" data-e-type=\"widget\" data-widget_type=\"heading.default\">\n\t\t\t\t<div class=\"elementor-widget-container\">\n\t\t\t\t\t<h2 class=\"elementor-heading-title elementor-size-default\">Zuverl\u00e4ssigkeit<\/h2>\t\t\t\t<\/div>\n\t\t\t\t<\/div>\n\t\t\t\t<\/div>\n\t\t<div class=\"elementor-element elementor-element-6a8c3a6 e-con-full e-flex e-con e-child\" data-id=\"6a8c3a6\" data-element_type=\"container\" data-e-type=\"container\">\n\t\t\t\t<div class=\"elementor-element elementor-element-7818792 elementor-widget elementor-widget-text-editor\" data-id=\"7818792\" data-element_type=\"widget\" data-e-type=\"widget\" data-widget_type=\"text-editor.default\">\n\t\t\t\t<div class=\"elementor-widget-container\">\n\t\t\t\t\t\t\t\t\t<p>ist der Grundstein f\u00fcr Vertrauen und Erfolg. Wir garantieren p\u00fcnktliche Lieferungen, h\u00f6chste Qualit\u00e4t und konsequente Erf\u00fcllung aller Verpflichtungen. Verlassen Sie sich auf uns, um Ihre Erwartungen stets zu erf\u00fcllen \u2013 zuverl\u00e4ssig, professionell und verantwortungsbewusst. Vertrauen Sie einem Partner, der immer zu Ihnen steht.<\/p>\t\t\t\t\t\t\t\t<\/div>\n\t\t\t\t<\/div>\n\t\t\t\t<\/div>\n\t\t\t\t<\/div>\n\t\t\t\t\t<\/div>\n\t\t\t\t<\/div>\n\t\t<div class=\"elementor-element elementor-element-4477238 e-flex e-con-boxed e-con e-parent\" data-id=\"4477238\" data-element_type=\"container\" data-e-type=\"container\" data-settings=\"{&quot;background_background&quot;:&quot;classic&quot;}\">\n\t\t\t\t\t<div class=\"e-con-inner\">\n\t\t\t\t<div class=\"elementor-element elementor-element-364bac1 elementor-widget-divider--view-line elementor-widget elementor-widget-divider\" data-id=\"364bac1\" data-element_type=\"widget\" data-e-type=\"widget\" data-widget_type=\"divider.default\">\n\t\t\t\t<div class=\"elementor-widget-container\">\n\t\t\t\t\t\t\t<div class=\"elementor-divider\">\n\t\t\t<span class=\"elementor-divider-separator\">\n\t\t\t\t\t\t<\/span>\n\t\t<\/div>\n\t\t\t\t\t\t<\/div>\n\t\t\t\t<\/div>\n\t\t\t\t\t<\/div>\n\t\t\t\t<\/div>\n\t\t<div class=\"elementor-element elementor-element-62d0376 e-grid e-con-boxed e-con e-parent\" data-id=\"62d0376\" data-element_type=\"container\" data-e-type=\"container\" data-settings=\"{&quot;background_background&quot;:&quot;classic&quot;}\">\n\t\t\t\t\t<div class=\"e-con-inner\">\n\t\t\t\t<div class=\"elementor-element elementor-element-94410d1 elementor-align-center elementor-widget elementor-widget-button\" data-id=\"94410d1\" data-element_type=\"widget\" data-e-type=\"widget\" data-widget_type=\"button.default\">\n\t\t\t\t<div class=\"elementor-widget-container\">\n\t\t\t\t\t\t\t\t\t<div class=\"elementor-button-wrapper\">\n\t\t\t\t\t<a class=\"elementor-button elementor-button-link elementor-size-sm\" href=\"https:\/\/ggs-bodensohn.de\/?page_id=56\">\n\t\t\t\t\t\t<span class=\"elementor-button-content-wrapper\">\n\t\t\t\t\t\t\t\t\t<span class=\"elementor-button-text\">\u00dcber uns<\/span>\n\t\t\t\t\t<\/span>\n\t\t\t\t\t<\/a>\n\t\t\t\t<\/div>\n\t\t\t\t\t\t\t\t<\/div>\n\t\t\t\t<\/div>\n\t\t\t\t<div class=\"elementor-element elementor-element-f7d2777 elementor-align-center elementor-widget elementor-widget-button\" data-id=\"f7d2777\" data-element_type=\"widget\" data-e-type=\"widget\" data-widget_type=\"button.default\">\n\t\t\t\t<div class=\"elementor-widget-container\">\n\t\t\t\t\t\t\t\t\t<div class=\"elementor-button-wrapper\">\n\t\t\t\t\t<a class=\"elementor-button elementor-button-link elementor-size-sm\" href=\"https:\/\/ggs-bodensohn.de\/?page_id=52\">\n\t\t\t\t\t\t<span class=\"elementor-button-content-wrapper\">\n\t\t\t\t\t\t\t\t\t<span class=\"elementor-button-text\">Kontaktieren Sie uns<\/span>\n\t\t\t\t\t<\/span>\n\t\t\t\t\t<\/a>\n\t\t\t\t<\/div>\n\t\t\t\t\t\t\t\t<\/div>\n\t\t\t\t<\/div>\n\t\t\t\t\t<\/div>\n\t\t\t\t<\/div>\n\t\t<div class=\"elementor-element elementor-element-b7cfd61 e-flex e-con-boxed e-con e-parent\" data-id=\"b7cfd61\" data-element_type=\"container\" data-e-type=\"container\" data-settings=\"{&quot;background_background&quot;:&quot;classic&quot;}\">\n\t\t\t\t\t<div class=\"e-con-inner\">\n\t\t\t\t<div class=\"elementor-element elementor-element-f53f63c elementor-widget-divider--view-line elementor-widget elementor-widget-divider\" data-id=\"f53f63c\" data-element_type=\"widget\" data-e-type=\"widget\" data-widget_type=\"divider.default\">\n\t\t\t\t<div class=\"elementor-widget-container\">\n\t\t\t\t\t\t\t<div class=\"elementor-divider\">\n\t\t\t<span class=\"elementor-divider-separator\">\n\t\t\t\t\t\t<\/span>\n\t\t<\/div>\n\t\t\t\t\t\t<\/div>\n\t\t\t\t<\/div>\n\t\t\t\t\t<\/div>\n\t\t\t\t<\/div>\n\t\t<div class=\"elementor-element elementor-element-db1c083 e-flex e-con-boxed e-con e-parent\" data-id=\"db1c083\" data-element_type=\"container\" data-e-type=\"container\" data-settings=\"{&quot;background_background&quot;:&quot;classic&quot;}\">\n\t\t\t\t\t<div class=\"e-con-inner\">\n\t\t\t\t<div class=\"elementor-element elementor-element-512b214 elementor-widget elementor-widget-google_maps\" data-id=\"512b214\" data-element_type=\"widget\" data-e-type=\"widget\" data-widget_type=\"google_maps.default\">\n\t\t\t\t<div class=\"elementor-widget-container\">\n\t\t\t\t\t\t\t<div class=\"elementor-custom-embed\">\n\t\t\t<iframe loading=\"lazy\"\n\t\t\t\t\tsrc=\"https:\/\/maps.google.com\/maps?q=Bruchwiesenstra%C3%9Fe%2045%2C%2064380%20Ro%C3%9Fdorf&#038;t=m&#038;z=10&#038;output=embed&#038;iwloc=near\"\n\t\t\t\t\ttitle=\"Bruchwiesenstra\u00dfe 45, 64380 Ro\u00dfdorf\"\n\t\t\t\t\taria-label=\"Bruchwiesenstra\u00dfe 45, 64380 Ro\u00dfdorf\"\n\t\t\t><\/iframe>\n\t\t<\/div>\n\t\t\t\t\t\t<\/div>\n\t\t\t\t<\/div>\n\t\t\t\t\t<\/div>\n\t\t\t\t<\/div>\n\t\t\t\t<\/div>\n\t\t","protected":false},"excerpt":{"rendered":"<p>Lassen Sie f\u00fcr sich arbeiten Unsere Leistungen Zuverl\u00e4ssigkeit ist der Grundstein f\u00fcr Vertrauen und Erfolg. Wir garantieren p\u00fcnktliche Lieferungen, h\u00f6chste [&hellip;]<\/p>\n","protected":false},"author":1,"featured_media":0,"parent":0,"menu_order":1,"comment_status":"closed","ping_status":"closed","template":"","meta":{"_uag_custom_page_level_css":"","site-sidebar-layout":"no-sidebar","site-content-layout":"","ast-site-content-layout":"full-width-container","site-content-style":"default","site-sidebar-style":"default","ast-global-header-display":"","ast-banner-title-visibility":"","ast-main-header-display":"","ast-hfb-above-header-display":"","ast-hfb-below-header-display":"","ast-hfb-mobile-header-display":"","site-post-title":"","ast-breadcrumbs-content":"","ast-featured-img":"disabled","footer-sml-layout":"","ast-disable-related-posts":"","theme-transparent-header-meta":"","adv-header-id-meta":"","stick-header-meta":"","header-above-stick-meta":"","header-main-stick-meta":"","header-below-stick-meta":"","astra-migrate-meta-layouts":"default","ast-page-background-enabled":"default","ast-page-background-meta":{"desktop":{"background-color":"var(--ast-global-color-5)","background-image":"","background-repeat":"repeat","background-position":"center center","background-size":"auto","background-attachment":"scroll","background-type":"","background-media":"","overlay-type":"","overlay-color":"","overlay-opacity":"","overlay-gradient":""},"tablet":{"background-color":"","background-image":"","background-repeat":"repeat","background-position":"center center","background-size":"auto","background-attachment":"scroll","background-type":"","background-media":"","overlay-type":"","overlay-color":"","overlay-opacity":"","overlay-gradient":""},"mobile":{"background-color":"","background-image":"","background-repeat":"repeat","background-position":"center center","background-size":"auto","background-attachment":"scroll","background-type":"","background-media":"","overlay-type":"","overlay-color":"","overlay-opacity":"","overlay-gradient":""}},"ast-content-background-meta":{"desktop":{"background-color":"var(--ast-global-color-4)","background-image":"","background-repeat":"repeat","background-position":"center center","background-size":"auto","background-attachment":"scroll","background-type":"","background-media":"","overlay-type":"","overlay-color":"","overlay-opacity":"","overlay-gradient":""},"tablet":{"background-color":"var(--ast-global-color-4)","background-image":"","background-repeat":"repeat","background-position":"center center","background-size":"auto","background-attachment":"scroll","background-type":"","background-media":"","overlay-type":"","overlay-color":"","overlay-opacity":"","overlay-gradient":""},"mobile":{"background-color":"var(--ast-global-color-4)","background-image":"","background-repeat":"repeat","background-position":"center center","background-size":"auto","background-attachment":"scroll","background-type":"","background-media":"","overlay-type":"","overlay-color":"","overlay-opacity":"","overlay-gradient":""}},"_kadence_starter_templates_imported_post":false,"footnotes":""},"class_list":["post-49","page","type-page","status-publish","hentry"],"yoast_head":"<!-- This site is optimized with the Yoast SEO plugin v27.5 - https:\/\/yoast.com\/product\/yoast-seo-wordpress\/ -->\n<title>Start - My CMS<\/title>\n<meta name=\"robots\" content=\"index, follow, max-snippet:-1, max-image-preview:large, max-video-preview:-1\" \/>\n<link rel=\"canonical\" href=\"https:\/\/ggs-bodensohn.de\/\" \/>\n<meta property=\"og:locale\" content=\"de_DE\" \/>\n<meta property=\"og:type\" content=\"article\" \/>\n<meta property=\"og:title\" content=\"Start - My CMS\" \/>\n<meta property=\"og:description\" content=\"Lassen Sie f\u00fcr sich arbeiten Unsere Leistungen Zuverl\u00e4ssigkeit ist der Grundstein f\u00fcr Vertrauen und Erfolg. Wir garantieren p\u00fcnktliche Lieferungen, h\u00f6chste [&hellip;]\" \/>\n<meta property=\"og:url\" content=\"https:\/\/ggs-bodensohn.de\/\" \/>\n<meta property=\"og:site_name\" content=\"My CMS\" \/>\n<meta property=\"article:modified_time\" content=\"2025-09-16T13:53:19+00:00\" \/>\n<meta property=\"og:image\" content=\"https:\/\/ggs-bodensohn.de\/wp-content\/uploads\/2025\/09\/Screenshot-2025-09-15-175826.png\" \/>\n\t<meta property=\"og:image:width\" content=\"451\" \/>\n\t<meta property=\"og:image:height\" content=\"299\" \/>\n\t<meta property=\"og:image:type\" content=\"image\/png\" \/>\n<meta name=\"twitter:card\" content=\"summary_large_image\" \/>\n<meta name=\"twitter:label1\" content=\"Gesch\u00e4tzte Lesezeit\" \/>\n\t<meta name=\"twitter:data1\" content=\"1\u00a0Minute\" \/>\n<script type=\"application\/ld+json\" class=\"yoast-schema-graph\">{\"@context\":\"https:\\\/\\\/schema.org\",\"@graph\":[{\"@type\":\"WebPage\",\"@id\":\"https:\\\/\\\/ggs-bodensohn.de\\\/\",\"url\":\"https:\\\/\\\/ggs-bodensohn.de\\\/\",\"name\":\"Start - My CMS\",\"isPartOf\":{\"@id\":\"https:\\\/\\\/ggs-bodensohn.de\\\/#website\"},\"primaryImageOfPage\":{\"@id\":\"https:\\\/\\\/ggs-bodensohn.de\\\/#primaryimage\"},\"image\":{\"@id\":\"https:\\\/\\\/ggs-bodensohn.de\\\/#primaryimage\"},\"thumbnailUrl\":\"https:\\\/\\\/ggs-bodensohn.de\\\/wp-content\\\/uploads\\\/2025\\\/09\\\/Screenshot-2025-09-15-175826.png\",\"datePublished\":\"2025-03-05T09:18:36+00:00\",\"dateModified\":\"2025-09-16T13:53:19+00:00\",\"breadcrumb\":{\"@id\":\"https:\\\/\\\/ggs-bodensohn.de\\\/#breadcrumb\"},\"inLanguage\":\"de\",\"potentialAction\":[{\"@type\":\"ReadAction\",\"target\":[\"https:\\\/\\\/ggs-bodensohn.de\\\/\"]}]},{\"@type\":\"ImageObject\",\"inLanguage\":\"de\",\"@id\":\"https:\\\/\\\/ggs-bodensohn.de\\\/#primaryimage\",\"url\":\"https:\\\/\\\/ggs-bodensohn.de\\\/wp-content\\\/uploads\\\/2025\\\/09\\\/Screenshot-2025-09-15-175826.png\",\"contentUrl\":\"https:\\\/\\\/ggs-bodensohn.de\\\/wp-content\\\/uploads\\\/2025\\\/09\\\/Screenshot-2025-09-15-175826.png\",\"width\":451,\"height\":299},{\"@type\":\"BreadcrumbList\",\"@id\":\"https:\\\/\\\/ggs-bodensohn.de\\\/#breadcrumb\",\"itemListElement\":[{\"@type\":\"ListItem\",\"position\":1,\"name\":\"Startseite\",\"item\":\"https:\\\/\\\/ggs-bodensohn.de\\\/\"},{\"@type\":\"ListItem\",\"position\":2,\"name\":\"Start\"}]},{\"@type\":\"WebSite\",\"@id\":\"https:\\\/\\\/ggs-bodensohn.de\\\/#website\",\"url\":\"https:\\\/\\\/ggs-bodensohn.de\\\/\",\"name\":\"My CMS\",\"description\":\"Lassen Sie f\u00fcr sich arbeiten\",\"publisher\":{\"@id\":\"https:\\\/\\\/ggs-bodensohn.de\\\/#organization\"},\"potentialAction\":[{\"@type\":\"SearchAction\",\"target\":{\"@type\":\"EntryPoint\",\"urlTemplate\":\"https:\\\/\\\/ggs-bodensohn.de\\\/?s={search_term_string}\"},\"query-input\":{\"@type\":\"PropertyValueSpecification\",\"valueRequired\":true,\"valueName\":\"search_term_string\"}}],\"inLanguage\":\"de\"},{\"@type\":\"Organization\",\"@id\":\"https:\\\/\\\/ggs-bodensohn.de\\\/#organization\",\"name\":\"My CMS\",\"url\":\"https:\\\/\\\/ggs-bodensohn.de\\\/\",\"logo\":{\"@type\":\"ImageObject\",\"inLanguage\":\"de\",\"@id\":\"https:\\\/\\\/ggs-bodensohn.de\\\/#\\\/schema\\\/logo\\\/image\\\/\",\"url\":\"https:\\\/\\\/ggs-bodensohn.de\\\/wp-content\\\/uploads\\\/2025\\\/09\\\/Screenshot_2025-09-11_165336-removebg-preview.png\",\"contentUrl\":\"https:\\\/\\\/ggs-bodensohn.de\\\/wp-content\\\/uploads\\\/2025\\\/09\\\/Screenshot_2025-09-11_165336-removebg-preview.png\",\"width\":620,\"height\":402,\"caption\":\"My CMS\"},\"image\":{\"@id\":\"https:\\\/\\\/ggs-bodensohn.de\\\/#\\\/schema\\\/logo\\\/image\\\/\"}}]}<\/script>\n<!-- \/ Yoast SEO plugin. -->","yoast_head_json":{"title":"Start - My CMS","robots":{"index":"index","follow":"follow","max-snippet":"max-snippet:-1","max-image-preview":"max-image-preview:large","max-video-preview":"max-video-preview:-1"},"canonical":"https:\/\/ggs-bodensohn.de\/","og_locale":"de_DE","og_type":"article","og_title":"Start - My CMS","og_description":"Lassen Sie f\u00fcr sich arbeiten Unsere Leistungen Zuverl\u00e4ssigkeit ist der Grundstein f\u00fcr Vertrauen und Erfolg. Wir garantieren p\u00fcnktliche Lieferungen, h\u00f6chste [&hellip;]","og_url":"https:\/\/ggs-bodensohn.de\/","og_site_name":"My CMS","article_modified_time":"2025-09-16T13:53:19+00:00","og_image":[{"width":451,"height":299,"url":"https:\/\/ggs-bodensohn.de\/wp-content\/uploads\/2025\/09\/Screenshot-2025-09-15-175826.png","type":"image\/png"}],"twitter_card":"summary_large_image","twitter_misc":{"Gesch\u00e4tzte Lesezeit":"1\u00a0Minute"},"schema":{"@context":"https:\/\/schema.org","@graph":[{"@type":"WebPage","@id":"https:\/\/ggs-bodensohn.de\/","url":"https:\/\/ggs-bodensohn.de\/","name":"Start - My CMS","isPartOf":{"@id":"https:\/\/ggs-bodensohn.de\/#website"},"primaryImageOfPage":{"@id":"https:\/\/ggs-bodensohn.de\/#primaryimage"},"image":{"@id":"https:\/\/ggs-bodensohn.de\/#primaryimage"},"thumbnailUrl":"https:\/\/ggs-bodensohn.de\/wp-content\/uploads\/2025\/09\/Screenshot-2025-09-15-175826.png","datePublished":"2025-03-05T09:18:36+00:00","dateModified":"2025-09-16T13:53:19+00:00","breadcrumb":{"@id":"https:\/\/ggs-bodensohn.de\/#breadcrumb"},"inLanguage":"de","potentialAction":[{"@type":"ReadAction","target":["https:\/\/ggs-bodensohn.de\/"]}]},{"@type":"ImageObject","inLanguage":"de","@id":"https:\/\/ggs-bodensohn.de\/#primaryimage","url":"https:\/\/ggs-bodensohn.de\/wp-content\/uploads\/2025\/09\/Screenshot-2025-09-15-175826.png","contentUrl":"https:\/\/ggs-bodensohn.de\/wp-content\/uploads\/2025\/09\/Screenshot-2025-09-15-175826.png","width":451,"height":299},{"@type":"BreadcrumbList","@id":"https:\/\/ggs-bodensohn.de\/#breadcrumb","itemListElement":[{"@type":"ListItem","position":1,"name":"Startseite","item":"https:\/\/ggs-bodensohn.de\/"},{"@type":"ListItem","position":2,"name":"Start"}]},{"@type":"WebSite","@id":"https:\/\/ggs-bodensohn.de\/#website","url":"https:\/\/ggs-bodensohn.de\/","name":"My CMS","description":"Lassen Sie f\u00fcr sich arbeiten","publisher":{"@id":"https:\/\/ggs-bodensohn.de\/#organization"},"potentialAction":[{"@type":"SearchAction","target":{"@type":"EntryPoint","urlTemplate":"https:\/\/ggs-bodensohn.de\/?s={search_term_string}"},"query-input":{"@type":"PropertyValueSpecification","valueRequired":true,"valueName":"search_term_string"}}],"inLanguage":"de"},{"@type":"Organization","@id":"https:\/\/ggs-bodensohn.de\/#organization","name":"My CMS","url":"https:\/\/ggs-bodensohn.de\/","logo":{"@type":"ImageObject","inLanguage":"de","@id":"https:\/\/ggs-bodensohn.de\/#\/schema\/logo\/image\/","url":"https:\/\/ggs-bodensohn.de\/wp-content\/uploads\/2025\/09\/Screenshot_2025-09-11_165336-removebg-preview.png","contentUrl":"https:\/\/ggs-bodensohn.de\/wp-content\/uploads\/2025\/09\/Screenshot_2025-09-11_165336-removebg-preview.png","width":620,"height":402,"caption":"My CMS"},"image":{"@id":"https:\/\/ggs-bodensohn.de\/#\/schema\/logo\/image\/"}}]}},"uagb_featured_image_src":{"full":false,"thumbnail":false,"medium":false,"medium_large":false,"large":false,"1536x1536":false,"2048x2048":false},"uagb_author_info":{"display_name":"admin_yiqcx3r2","author_link":"https:\/\/ggs-bodensohn.de\/?author=1"},"uagb_comment_info":0,"uagb_excerpt":"Lassen Sie f\u00fcr sich arbeiten Unsere Leistungen Zuverl\u00e4ssigkeit ist der Grundstein f\u00fcr Vertrauen und Erfolg. Wir garantieren p\u00fcnktliche Lieferungen, h\u00f6chste [&hellip;]","_links":{"self":[{"href":"https:\/\/ggs-bodensohn.de\/index.php?rest_route=\/wp\/v2\/pages\/49","targetHints":{"allow":["GET"]}}],"collection":[{"href":"https:\/\/ggs-bodensohn.de\/index.php?rest_route=\/wp\/v2\/pages"}],"about":[{"href":"https:\/\/ggs-bodensohn.de\/index.php?rest_route=\/wp\/v2\/types\/page"}],"author":[{"embeddable":true,"href":"https:\/\/ggs-bodensohn.de\/index.php?rest_route=\/wp\/v2\/users\/1"}],"replies":[{"embeddable":true,"href":"https:\/\/ggs-bodensohn.de\/index.php?rest_route=%2Fwp%2Fv2%2Fcomments&post=49"}],"version-history":[{"count":146,"href":"https:\/\/ggs-bodensohn.de\/index.php?rest_route=\/wp\/v2\/pages\/49\/revisions"}],"predecessor-version":[{"id":633,"href":"https:\/\/ggs-bodensohn.de\/index.php?rest_route=\/wp\/v2\/pages\/49\/revisions\/633"}],"wp:attachment":[{"href":"https:\/\/ggs-bodensohn.de\/index.php?rest_route=%2Fwp%2Fv2%2Fmedia&parent=49"}],"curies":[{"name":"wp","href":"https:\/\/api.w.org\/{rel}","templated":true}]}}