{"id":56,"date":"2025-03-05T09:26:18","date_gmt":"2025-03-05T09:26:18","guid":{"rendered":"https:\/\/ggs-bodensohn.de\/?page_id=56"},"modified":"2025-09-15T12:19:35","modified_gmt":"2025-09-15T12:19:35","slug":"ueber-uns","status":"publish","type":"page","link":"https:\/\/ggs-bodensohn.de\/?page_id=56","title":{"rendered":"\u00dcber uns"},"content":{"rendered":"\t\t<div data-elementor-type=\"wp-page\" data-elementor-id=\"56\" class=\"elementor elementor-56\">\n\t\t\t\t<div class=\"elementor-element elementor-element-20e2972e e-flex e-con-boxed e-con e-parent\" data-id=\"20e2972e\" data-element_type=\"container\" data-e-type=\"container\" data-settings=\"{&quot;background_background&quot;:&quot;classic&quot;}\">\n\t\t\t\t\t<div class=\"e-con-inner\">\n\t\t\t\t<div class=\"elementor-element elementor-element-4501f848 elementor-widget elementor-widget-heading\" data-id=\"4501f848\" data-element_type=\"widget\" data-e-type=\"widget\" data-widget_type=\"heading.default\">\n\t\t\t\t<div class=\"elementor-widget-container\">\n\t\t\t\t\t<h2 class=\"elementor-heading-title elementor-size-default\">\u00dcber uns<\/h2>\t\t\t\t<\/div>\n\t\t\t\t<\/div>\n\t\t\t\t<div class=\"elementor-element elementor-element-35dbf6d elementor-widget elementor-widget-button\" data-id=\"35dbf6d\" data-element_type=\"widget\" data-e-type=\"widget\" data-widget_type=\"button.default\">\n\t\t\t\t<div class=\"elementor-widget-container\">\n\t\t\t\t\t\t\t\t\t<div class=\"elementor-button-wrapper\">\n\t\t\t\t\t<a class=\"elementor-button elementor-button-link elementor-size-sm\" href=\"https:\/\/ggs-bodensohn.de\/?page_id=52\">\n\t\t\t\t\t\t<span class=\"elementor-button-content-wrapper\">\n\t\t\t\t\t\t\t\t\t<span class=\"elementor-button-text\">Kontaktieren Sie uns<\/span>\n\t\t\t\t\t<\/span>\n\t\t\t\t\t<\/a>\n\t\t\t\t<\/div>\n\t\t\t\t\t\t\t\t<\/div>\n\t\t\t\t<\/div>\n\t\t\t\t\t<\/div>\n\t\t\t\t<\/div>\n\t\t<div class=\"elementor-element elementor-element-8d30091 e-flex e-con-boxed e-con e-parent\" data-id=\"8d30091\" data-element_type=\"container\" data-e-type=\"container\" data-settings=\"{&quot;background_background&quot;:&quot;classic&quot;}\">\n\t\t\t\t\t<div class=\"e-con-inner\">\n\t\t\t\t<div class=\"elementor-element elementor-element-5919593 elementor-widget-divider--view-line elementor-widget elementor-widget-divider\" data-id=\"5919593\" data-element_type=\"widget\" data-e-type=\"widget\" data-widget_type=\"divider.default\">\n\t\t\t\t<div class=\"elementor-widget-container\">\n\t\t\t\t\t\t\t<div class=\"elementor-divider\">\n\t\t\t<span class=\"elementor-divider-separator\">\n\t\t\t\t\t\t<\/span>\n\t\t<\/div>\n\t\t\t\t\t\t<\/div>\n\t\t\t\t<\/div>\n\t\t\t\t\t<\/div>\n\t\t\t\t<\/div>\n\t\t<div class=\"elementor-element elementor-element-6b3ac754 e-flex e-con-boxed e-con e-parent\" data-id=\"6b3ac754\" data-element_type=\"container\" data-e-type=\"container\" data-settings=\"{&quot;background_background&quot;:&quot;classic&quot;}\">\n\t\t\t\t\t<div class=\"e-con-inner\">\n\t\t<div class=\"elementor-element elementor-element-4d0430b4 e-con-full e-flex e-con e-child\" data-id=\"4d0430b4\" data-element_type=\"container\" data-e-type=\"container\">\n\t\t\t\t<div class=\"elementor-element elementor-element-4288f4d1 elementor-widget elementor-widget-image\" data-id=\"4288f4d1\" data-element_type=\"widget\" data-e-type=\"widget\" data-widget_type=\"image.default\">\n\t\t\t\t<div class=\"elementor-widget-container\">\n\t\t\t\t\t\t\t\t\t\t\t\t\t\t\t<img fetchpriority=\"high\" decoding=\"async\" width=\"1024\" height=\"683\" src=\"https:\/\/ggs-bodensohn.de\/wp-content\/uploads\/2025\/03\/handyman-holding-toolbox-wrench-hands-scaled-1-1024x683.webp\" class=\"attachment-large size-large wp-image-173\" alt=\"\" srcset=\"https:\/\/ggs-bodensohn.de\/wp-content\/uploads\/2025\/03\/handyman-holding-toolbox-wrench-hands-scaled-1-1024x683.webp 1024w, https:\/\/ggs-bodensohn.de\/wp-content\/uploads\/2025\/03\/handyman-holding-toolbox-wrench-hands-scaled-1-300x200.webp 300w, https:\/\/ggs-bodensohn.de\/wp-content\/uploads\/2025\/03\/handyman-holding-toolbox-wrench-hands-scaled-1-768x512.webp 768w, https:\/\/ggs-bodensohn.de\/wp-content\/uploads\/2025\/03\/handyman-holding-toolbox-wrench-hands-scaled-1-1536x1024.webp 1536w, https:\/\/ggs-bodensohn.de\/wp-content\/uploads\/2025\/03\/handyman-holding-toolbox-wrench-hands-scaled-1.webp 1920w\" sizes=\"(max-width: 1024px) 100vw, 1024px\" \/>\t\t\t\t\t\t\t\t\t\t\t\t\t\t\t<\/div>\n\t\t\t\t<\/div>\n\t\t\t\t<\/div>\n\t\t<div class=\"elementor-element elementor-element-63478b6f e-flex e-con-boxed e-con e-child\" data-id=\"63478b6f\" data-element_type=\"container\" data-e-type=\"container\">\n\t\t\t\t\t<div class=\"e-con-inner\">\n\t\t\t\t<div class=\"elementor-element elementor-element-5c0e6078 elementor-widget elementor-widget-heading\" data-id=\"5c0e6078\" data-element_type=\"widget\" data-e-type=\"widget\" data-widget_type=\"heading.default\">\n\t\t\t\t<div class=\"elementor-widget-container\">\n\t\t\t\t\t<h2 class=\"elementor-heading-title elementor-size-default\">\u00dcber uns<\/h2>\t\t\t\t<\/div>\n\t\t\t\t<\/div>\n\t\t\t\t<div class=\"elementor-element elementor-element-51e5abde elementor-widget elementor-widget-text-editor\" data-id=\"51e5abde\" data-element_type=\"widget\" data-e-type=\"widget\" data-widget_type=\"text-editor.default\">\n\t\t\t\t<div class=\"elementor-widget-container\">\n\t\t\t\t\t\t\t\t\t<p style=\"text-align: left;\" data-start=\"14\" data-end=\"359\">Seit 25 Jahren steht die Firma GGS Bodensohn f\u00fcr zuverl\u00e4ssige Dienstleistungen und hohe Qualit\u00e4t. In dieser Zeit haben wir ein starkes Vertrauen bei unseren Kunden aufgebaut und k\u00f6nnen auf zahlreiche langj\u00e4hrige Partnerschaften zur\u00fcckblicken. Kundenzufriedenheit hat f\u00fcr uns stets h\u00f6chste Priorit\u00e4t \u2013 denn nur zufriedene Kunden sind die Grundlage unseres Erfolges.<\/p><p style=\"text-align: left;\" data-start=\"361\" data-end=\"734\" data-is-last-node=\"\" data-is-only-node=\"\">Mit unserer langj\u00e4hrigen Erfahrung und Expertise m\u00f6chten wir nun weiter wachsen und uns in der Region noch st\u00e4rker etablieren. Unser Ziel ist es, auch in Zukunft erstklassige Serviceleistungen zu bieten und individuelle L\u00f6sungen f\u00fcr die Bed\u00fcrfnisse unserer Kunden zu schaffen. Vertrauen Sie auf uns \u2013 wir sind Ihr Partner f\u00fcr nachhaltige Qualit\u00e4t und zuverl\u00e4ssigen Service.<\/p>\t\t\t\t\t\t\t\t<\/div>\n\t\t\t\t<\/div>\n\t\t\t\t<div class=\"elementor-element elementor-element-504d86a6 elementor-widget-divider--view-line elementor-widget elementor-widget-divider\" data-id=\"504d86a6\" data-element_type=\"widget\" data-e-type=\"widget\" data-widget_type=\"divider.default\">\n\t\t\t\t<div class=\"elementor-widget-container\">\n\t\t\t\t\t\t\t<div class=\"elementor-divider\">\n\t\t\t<span class=\"elementor-divider-separator\">\n\t\t\t\t\t\t<\/span>\n\t\t<\/div>\n\t\t\t\t\t\t<\/div>\n\t\t\t\t<\/div>\n\t\t<div class=\"elementor-element elementor-element-477044a4 e-flex e-con-boxed e-con e-child\" data-id=\"477044a4\" data-element_type=\"container\" data-e-type=\"container\">\n\t\t\t\t\t<div class=\"e-con-inner\">\n\t\t\t\t<div class=\"elementor-element elementor-element-70faa36f elementor-tablet-align-right elementor-align-right elementor-mobile-align-center elementor-widget elementor-widget-button\" data-id=\"70faa36f\" data-element_type=\"widget\" data-e-type=\"widget\" data-widget_type=\"button.default\">\n\t\t\t\t<div class=\"elementor-widget-container\">\n\t\t\t\t\t\t\t\t\t<div class=\"elementor-button-wrapper\">\n\t\t\t\t\t<a class=\"elementor-button elementor-button-link elementor-size-md\" href=\"https:\/\/ggs-bodensohn.de\/?page_id=54\">\n\t\t\t\t\t\t<span class=\"elementor-button-content-wrapper\">\n\t\t\t\t\t\t\t\t\t<span class=\"elementor-button-text\">Unsere Leistungen<\/span>\n\t\t\t\t\t<\/span>\n\t\t\t\t\t<\/a>\n\t\t\t\t<\/div>\n\t\t\t\t\t\t\t\t<\/div>\n\t\t\t\t<\/div>\n\t\t\t\t<div class=\"elementor-element elementor-element-1434a4c4 elementor-tablet-align-right elementor-align-right elementor-mobile-align-center elementor-widget elementor-widget-button\" data-id=\"1434a4c4\" data-element_type=\"widget\" data-e-type=\"widget\" data-widget_type=\"button.default\">\n\t\t\t\t<div class=\"elementor-widget-container\">\n\t\t\t\t\t\t\t\t\t<div class=\"elementor-button-wrapper\">\n\t\t\t\t\t<a class=\"elementor-button elementor-button-link elementor-size-md\" href=\"https:\/\/ggs-bodensohn.de\/?page_id=52\">\n\t\t\t\t\t\t<span class=\"elementor-button-content-wrapper\">\n\t\t\t\t\t\t\t\t\t<span class=\"elementor-button-text\">Kontakt<\/span>\n\t\t\t\t\t<\/span>\n\t\t\t\t\t<\/a>\n\t\t\t\t<\/div>\n\t\t\t\t\t\t\t\t<\/div>\n\t\t\t\t<\/div>\n\t\t\t\t\t<\/div>\n\t\t\t\t<\/div>\n\t\t\t\t\t<\/div>\n\t\t\t\t<\/div>\n\t\t\t\t\t<\/div>\n\t\t\t\t<\/div>\n\t\t<div class=\"elementor-element elementor-element-d410408 e-flex e-con-boxed e-con e-parent\" data-id=\"d410408\" data-element_type=\"container\" data-e-type=\"container\" data-settings=\"{&quot;background_background&quot;:&quot;classic&quot;}\">\n\t\t\t\t\t<div class=\"e-con-inner\">\n\t\t\t\t<div class=\"elementor-element elementor-element-0a1ec1a elementor-widget elementor-widget-google_maps\" data-id=\"0a1ec1a\" data-element_type=\"widget\" data-e-type=\"widget\" data-widget_type=\"google_maps.default\">\n\t\t\t\t<div class=\"elementor-widget-container\">\n\t\t\t\t\t\t\t<div class=\"elementor-custom-embed\">\n\t\t\t<iframe loading=\"lazy\"\n\t\t\t\t\tsrc=\"https:\/\/maps.google.com\/maps?q=Bruchwiesenstra%C3%9Fe%2045%2C%2064380&#038;t=m&#038;z=10&#038;output=embed&#038;iwloc=near\"\n\t\t\t\t\ttitle=\"Bruchwiesenstra\u00dfe 45, 64380\"\n\t\t\t\t\taria-label=\"Bruchwiesenstra\u00dfe 45, 64380\"\n\t\t\t><\/iframe>\n\t\t<\/div>\n\t\t\t\t\t\t<\/div>\n\t\t\t\t<\/div>\n\t\t\t\t\t<\/div>\n\t\t\t\t<\/div>\n\t\t\t\t<\/div>\n\t\t","protected":false},"excerpt":{"rendered":"<p>\u00dcber uns Kontaktieren Sie uns \u00dcber uns Seit 25 Jahren steht die Firma GGS Bodensohn f\u00fcr zuverl\u00e4ssige Dienstleistungen und hohe [&hellip;]<\/p>\n","protected":false},"author":1,"featured_media":0,"parent":0,"menu_order":2,"comment_status":"closed","ping_status":"closed","template":"","meta":{"_uag_custom_page_level_css":"","site-sidebar-layout":"no-sidebar","site-content-layout":"","ast-site-content-layout":"full-width-container","site-content-style":"default","site-sidebar-style":"default","ast-global-header-display":"","ast-banner-title-visibility":"","ast-main-header-display":"","ast-hfb-above-header-display":"","ast-hfb-below-header-display":"","ast-hfb-mobile-header-display":"","site-post-title":"","ast-breadcrumbs-content":"","ast-featured-img":"disabled","footer-sml-layout":"","ast-disable-related-posts":"","theme-transparent-header-meta":"","adv-header-id-meta":"","stick-header-meta":"","header-above-stick-meta":"","header-main-stick-meta":"","header-below-stick-meta":"","astra-migrate-meta-layouts":"default","ast-page-background-enabled":"default","ast-page-background-meta":{"desktop":{"background-color":"var(--ast-global-color-5)","background-image":"","background-repeat":"repeat","background-position":"center center","background-size":"auto","background-attachment":"scroll","background-type":"","background-media":"","overlay-type":"","overlay-color":"","overlay-opacity":"","overlay-gradient":""},"tablet":{"background-color":"","background-image":"","background-repeat":"repeat","background-position":"center center","background-size":"auto","background-attachment":"scroll","background-type":"","background-media":"","overlay-type":"","overlay-color":"","overlay-opacity":"","overlay-gradient":""},"mobile":{"background-color":"","background-image":"","background-repeat":"repeat","background-position":"center center","background-size":"auto","background-attachment":"scroll","background-type":"","background-media":"","overlay-type":"","overlay-color":"","overlay-opacity":"","overlay-gradient":""}},"ast-content-background-meta":{"desktop":{"background-color":"var(--ast-global-color-4)","background-image":"","background-repeat":"repeat","background-position":"center center","background-size":"auto","background-attachment":"scroll","background-type":"","background-media":"","overlay-type":"","overlay-color":"","overlay-opacity":"","overlay-gradient":""},"tablet":{"background-color":"var(--ast-global-color-4)","background-image":"","background-repeat":"repeat","background-position":"center center","background-size":"auto","background-attachment":"scroll","background-type":"","background-media":"","overlay-type":"","overlay-color":"","overlay-opacity":"","overlay-gradient":""},"mobile":{"background-color":"var(--ast-global-color-4)","background-image":"","background-repeat":"repeat","background-position":"center center","background-size":"auto","background-attachment":"scroll","background-type":"","background-media":"","overlay-type":"","overlay-color":"","overlay-opacity":"","overlay-gradient":""}},"_kadence_starter_templates_imported_post":false,"footnotes":""},"class_list":["post-56","page","type-page","status-publish","hentry"],"yoast_head":"<!-- This site is optimized with the Yoast SEO plugin v27.4 - https:\/\/yoast.com\/product\/yoast-seo-wordpress\/ -->\n<title>\u00dcber uns - My CMS<\/title>\n<meta name=\"robots\" content=\"index, follow, max-snippet:-1, max-image-preview:large, max-video-preview:-1\" \/>\n<link rel=\"canonical\" href=\"https:\/\/ggs-bodensohn.de\/?page_id=56\" \/>\n<meta property=\"og:locale\" content=\"de_DE\" \/>\n<meta property=\"og:type\" content=\"article\" \/>\n<meta property=\"og:title\" content=\"\u00dcber uns - My CMS\" \/>\n<meta property=\"og:description\" content=\"\u00dcber uns Kontaktieren Sie uns \u00dcber uns Seit 25 Jahren steht die Firma GGS Bodensohn f\u00fcr zuverl\u00e4ssige Dienstleistungen und hohe [&hellip;]\" \/>\n<meta property=\"og:url\" content=\"https:\/\/ggs-bodensohn.de\/?page_id=56\" \/>\n<meta property=\"og:site_name\" content=\"My CMS\" \/>\n<meta property=\"article:modified_time\" content=\"2025-09-15T12:19:35+00:00\" \/>\n<meta property=\"og:image\" content=\"https:\/\/ggs-bodensohn.de\/wp-content\/uploads\/2025\/03\/handyman-holding-toolbox-wrench-hands-scaled-1.webp\" \/>\n\t<meta property=\"og:image:width\" content=\"1920\" \/>\n\t<meta property=\"og:image:height\" content=\"1280\" \/>\n\t<meta property=\"og:image:type\" content=\"image\/webp\" \/>\n<meta name=\"twitter:card\" content=\"summary_large_image\" \/>\n<script type=\"application\/ld+json\" class=\"yoast-schema-graph\">{\"@context\":\"https:\\\/\\\/schema.org\",\"@graph\":[{\"@type\":\"WebPage\",\"@id\":\"https:\\\/\\\/ggs-bodensohn.de\\\/?page_id=56\",\"url\":\"https:\\\/\\\/ggs-bodensohn.de\\\/?page_id=56\",\"name\":\"\u00dcber uns - My CMS\",\"isPartOf\":{\"@id\":\"https:\\\/\\\/ggs-bodensohn.de\\\/#website\"},\"primaryImageOfPage\":{\"@id\":\"https:\\\/\\\/ggs-bodensohn.de\\\/?page_id=56#primaryimage\"},\"image\":{\"@id\":\"https:\\\/\\\/ggs-bodensohn.de\\\/?page_id=56#primaryimage\"},\"thumbnailUrl\":\"https:\\\/\\\/ggs-bodensohn.de\\\/wp-content\\\/uploads\\\/2025\\\/03\\\/handyman-holding-toolbox-wrench-hands-scaled-1-1024x683.webp\",\"datePublished\":\"2025-03-05T09:26:18+00:00\",\"dateModified\":\"2025-09-15T12:19:35+00:00\",\"breadcrumb\":{\"@id\":\"https:\\\/\\\/ggs-bodensohn.de\\\/?page_id=56#breadcrumb\"},\"inLanguage\":\"de\",\"potentialAction\":[{\"@type\":\"ReadAction\",\"target\":[\"https:\\\/\\\/ggs-bodensohn.de\\\/?page_id=56\"]}]},{\"@type\":\"ImageObject\",\"inLanguage\":\"de\",\"@id\":\"https:\\\/\\\/ggs-bodensohn.de\\\/?page_id=56#primaryimage\",\"url\":\"https:\\\/\\\/ggs-bodensohn.de\\\/wp-content\\\/uploads\\\/2025\\\/03\\\/handyman-holding-toolbox-wrench-hands-scaled-1.webp\",\"contentUrl\":\"https:\\\/\\\/ggs-bodensohn.de\\\/wp-content\\\/uploads\\\/2025\\\/03\\\/handyman-holding-toolbox-wrench-hands-scaled-1.webp\",\"width\":1920,\"height\":1280},{\"@type\":\"BreadcrumbList\",\"@id\":\"https:\\\/\\\/ggs-bodensohn.de\\\/?page_id=56#breadcrumb\",\"itemListElement\":[{\"@type\":\"ListItem\",\"position\":1,\"name\":\"Startseite\",\"item\":\"https:\\\/\\\/ggs-bodensohn.de\\\/\"},{\"@type\":\"ListItem\",\"position\":2,\"name\":\"\u00dcber uns\"}]},{\"@type\":\"WebSite\",\"@id\":\"https:\\\/\\\/ggs-bodensohn.de\\\/#website\",\"url\":\"https:\\\/\\\/ggs-bodensohn.de\\\/\",\"name\":\"My CMS\",\"description\":\"Lassen Sie f\u00fcr sich arbeiten\",\"publisher\":{\"@id\":\"https:\\\/\\\/ggs-bodensohn.de\\\/#organization\"},\"potentialAction\":[{\"@type\":\"SearchAction\",\"target\":{\"@type\":\"EntryPoint\",\"urlTemplate\":\"https:\\\/\\\/ggs-bodensohn.de\\\/?s={search_term_string}\"},\"query-input\":{\"@type\":\"PropertyValueSpecification\",\"valueRequired\":true,\"valueName\":\"search_term_string\"}}],\"inLanguage\":\"de\"},{\"@type\":\"Organization\",\"@id\":\"https:\\\/\\\/ggs-bodensohn.de\\\/#organization\",\"name\":\"My CMS\",\"url\":\"https:\\\/\\\/ggs-bodensohn.de\\\/\",\"logo\":{\"@type\":\"ImageObject\",\"inLanguage\":\"de\",\"@id\":\"https:\\\/\\\/ggs-bodensohn.de\\\/#\\\/schema\\\/logo\\\/image\\\/\",\"url\":\"https:\\\/\\\/ggs-bodensohn.de\\\/wp-content\\\/uploads\\\/2025\\\/09\\\/Screenshot_2025-09-11_165336-removebg-preview.png\",\"contentUrl\":\"https:\\\/\\\/ggs-bodensohn.de\\\/wp-content\\\/uploads\\\/2025\\\/09\\\/Screenshot_2025-09-11_165336-removebg-preview.png\",\"width\":620,\"height\":402,\"caption\":\"My CMS\"},\"image\":{\"@id\":\"https:\\\/\\\/ggs-bodensohn.de\\\/#\\\/schema\\\/logo\\\/image\\\/\"}}]}<\/script>\n<!-- \/ Yoast SEO plugin. -->","yoast_head_json":{"title":"\u00dcber uns - My CMS","robots":{"index":"index","follow":"follow","max-snippet":"max-snippet:-1","max-image-preview":"max-image-preview:large","max-video-preview":"max-video-preview:-1"},"canonical":"https:\/\/ggs-bodensohn.de\/?page_id=56","og_locale":"de_DE","og_type":"article","og_title":"\u00dcber uns - My CMS","og_description":"\u00dcber uns Kontaktieren Sie uns \u00dcber uns Seit 25 Jahren steht die Firma GGS Bodensohn f\u00fcr zuverl\u00e4ssige Dienstleistungen und hohe [&hellip;]","og_url":"https:\/\/ggs-bodensohn.de\/?page_id=56","og_site_name":"My CMS","article_modified_time":"2025-09-15T12:19:35+00:00","og_image":[{"width":1920,"height":1280,"url":"https:\/\/ggs-bodensohn.de\/wp-content\/uploads\/2025\/03\/handyman-holding-toolbox-wrench-hands-scaled-1.webp","type":"image\/webp"}],"twitter_card":"summary_large_image","schema":{"@context":"https:\/\/schema.org","@graph":[{"@type":"WebPage","@id":"https:\/\/ggs-bodensohn.de\/?page_id=56","url":"https:\/\/ggs-bodensohn.de\/?page_id=56","name":"\u00dcber uns - My CMS","isPartOf":{"@id":"https:\/\/ggs-bodensohn.de\/#website"},"primaryImageOfPage":{"@id":"https:\/\/ggs-bodensohn.de\/?page_id=56#primaryimage"},"image":{"@id":"https:\/\/ggs-bodensohn.de\/?page_id=56#primaryimage"},"thumbnailUrl":"https:\/\/ggs-bodensohn.de\/wp-content\/uploads\/2025\/03\/handyman-holding-toolbox-wrench-hands-scaled-1-1024x683.webp","datePublished":"2025-03-05T09:26:18+00:00","dateModified":"2025-09-15T12:19:35+00:00","breadcrumb":{"@id":"https:\/\/ggs-bodensohn.de\/?page_id=56#breadcrumb"},"inLanguage":"de","potentialAction":[{"@type":"ReadAction","target":["https:\/\/ggs-bodensohn.de\/?page_id=56"]}]},{"@type":"ImageObject","inLanguage":"de","@id":"https:\/\/ggs-bodensohn.de\/?page_id=56#primaryimage","url":"https:\/\/ggs-bodensohn.de\/wp-content\/uploads\/2025\/03\/handyman-holding-toolbox-wrench-hands-scaled-1.webp","contentUrl":"https:\/\/ggs-bodensohn.de\/wp-content\/uploads\/2025\/03\/handyman-holding-toolbox-wrench-hands-scaled-1.webp","width":1920,"height":1280},{"@type":"BreadcrumbList","@id":"https:\/\/ggs-bodensohn.de\/?page_id=56#breadcrumb","itemListElement":[{"@type":"ListItem","position":1,"name":"Startseite","item":"https:\/\/ggs-bodensohn.de\/"},{"@type":"ListItem","position":2,"name":"\u00dcber uns"}]},{"@type":"WebSite","@id":"https:\/\/ggs-bodensohn.de\/#website","url":"https:\/\/ggs-bodensohn.de\/","name":"My CMS","description":"Lassen Sie f\u00fcr sich arbeiten","publisher":{"@id":"https:\/\/ggs-bodensohn.de\/#organization"},"potentialAction":[{"@type":"SearchAction","target":{"@type":"EntryPoint","urlTemplate":"https:\/\/ggs-bodensohn.de\/?s={search_term_string}"},"query-input":{"@type":"PropertyValueSpecification","valueRequired":true,"valueName":"search_term_string"}}],"inLanguage":"de"},{"@type":"Organization","@id":"https:\/\/ggs-bodensohn.de\/#organization","name":"My CMS","url":"https:\/\/ggs-bodensohn.de\/","logo":{"@type":"ImageObject","inLanguage":"de","@id":"https:\/\/ggs-bodensohn.de\/#\/schema\/logo\/image\/","url":"https:\/\/ggs-bodensohn.de\/wp-content\/uploads\/2025\/09\/Screenshot_2025-09-11_165336-removebg-preview.png","contentUrl":"https:\/\/ggs-bodensohn.de\/wp-content\/uploads\/2025\/09\/Screenshot_2025-09-11_165336-removebg-preview.png","width":620,"height":402,"caption":"My CMS"},"image":{"@id":"https:\/\/ggs-bodensohn.de\/#\/schema\/logo\/image\/"}}]}},"uagb_featured_image_src":{"full":false,"thumbnail":false,"medium":false,"medium_large":false,"large":false,"1536x1536":false,"2048x2048":false},"uagb_author_info":{"display_name":"admin_yiqcx3r2","author_link":"https:\/\/ggs-bodensohn.de\/?author=1"},"uagb_comment_info":0,"uagb_excerpt":"\u00dcber uns Kontaktieren Sie uns \u00dcber uns Seit 25 Jahren steht die Firma GGS Bodensohn f\u00fcr zuverl\u00e4ssige Dienstleistungen und hohe [&hellip;]","_links":{"self":[{"href":"https:\/\/ggs-bodensohn.de\/index.php?rest_route=\/wp\/v2\/pages\/56","targetHints":{"allow":["GET"]}}],"collection":[{"href":"https:\/\/ggs-bodensohn.de\/index.php?rest_route=\/wp\/v2\/pages"}],"about":[{"href":"https:\/\/ggs-bodensohn.de\/index.php?rest_route=\/wp\/v2\/types\/page"}],"author":[{"embeddable":true,"href":"https:\/\/ggs-bodensohn.de\/index.php?rest_route=\/wp\/v2\/users\/1"}],"replies":[{"embeddable":true,"href":"https:\/\/ggs-bodensohn.de\/index.php?rest_route=%2Fwp%2Fv2%2Fcomments&post=56"}],"version-history":[{"count":46,"href":"https:\/\/ggs-bodensohn.de\/index.php?rest_route=\/wp\/v2\/pages\/56\/revisions"}],"predecessor-version":[{"id":492,"href":"https:\/\/ggs-bodensohn.de\/index.php?rest_route=\/wp\/v2\/pages\/56\/revisions\/492"}],"wp:attachment":[{"href":"https:\/\/ggs-bodensohn.de\/index.php?rest_route=%2Fwp%2Fv2%2Fmedia&parent=56"}],"curies":[{"name":"wp","href":"https:\/\/api.w.org\/{rel}","templated":true}]}}